{"id":1304,"date":"2022-06-13T09:40:04","date_gmt":"2022-06-13T12:40:04","guid":{"rendered":"http:\/\/mezasoft.com\/?page_id=1304"},"modified":"2022-06-13T15:42:55","modified_gmt":"2022-06-13T18:42:55","slug":"edge-computing","status":"publish","type":"page","link":"https:\/\/mezasoft.com\/?page_id=1304","title":{"rendered":"Edge computing"},"content":{"rendered":"\t\t<div data-elementor-type=\"wp-page\" data-elementor-id=\"1304\" class=\"elementor elementor-1304\">\n\t\t\t\t\t\t\t\t\t<section class=\"elementor-section elementor-top-section elementor-element elementor-element-764c245b elementor-section-boxed elementor-section-height-default elementor-section-height-default\" data-id=\"764c245b\" data-element_type=\"section\">\n\t\t\t\t\t\t<div class=\"elementor-container elementor-column-gap-default\">\n\t\t\t\t\t<div class=\"elementor-column elementor-col-100 elementor-top-column elementor-element elementor-element-68d5ff9c\" data-id=\"68d5ff9c\" data-element_type=\"column\">\n\t\t\t<div class=\"elementor-widget-wrap elementor-element-populated\">\n\t\t\t\t\t\t\t\t<div class=\"elementor-element elementor-element-12322b7f elementor-widget elementor-widget-heading\" data-id=\"12322b7f\" data-element_type=\"widget\" data-widget_type=\"heading.default\">\n\t\t\t\t<div class=\"elementor-widget-container\">\n\t\t\t<style>\/*! elementor - v3.6.5 - 27-04-2022 *\/\n.elementor-heading-title{padding:0;margin:0;line-height:1}.elementor-widget-heading .elementor-heading-title[class*=elementor-size-]>a{color:inherit;font-size:inherit;line-height:inherit}.elementor-widget-heading .elementor-heading-title.elementor-size-small{font-size:15px}.elementor-widget-heading .elementor-heading-title.elementor-size-medium{font-size:19px}.elementor-widget-heading .elementor-heading-title.elementor-size-large{font-size:29px}.elementor-widget-heading .elementor-heading-title.elementor-size-xl{font-size:39px}.elementor-widget-heading .elementor-heading-title.elementor-size-xxl{font-size:59px}<\/style><h2 class=\"elementor-heading-title elementor-size-default\">Edge Computing<\/h2>\t\t<\/div>\n\t\t\t\t<\/div>\n\t\t\t\t\t<\/div>\n\t\t<\/div>\n\t\t\t\t\t\t\t<\/div>\n\t\t<\/section>\n\t\t\t\t<section class=\"elementor-section elementor-top-section elementor-element elementor-element-3e7df7f0 elementor-section-boxed elementor-section-height-default elementor-section-height-default\" data-id=\"3e7df7f0\" data-element_type=\"section\">\n\t\t\t\t\t\t<div class=\"elementor-container elementor-column-gap-default\">\n\t\t\t\t\t<div class=\"elementor-column elementor-col-100 elementor-top-column elementor-element elementor-element-80e0c75\" data-id=\"80e0c75\" data-element_type=\"column\">\n\t\t\t<div class=\"elementor-widget-wrap elementor-element-populated\">\n\t\t\t\t\t\t\t\t<div class=\"elementor-element elementor-element-63ba833a elementor-widget elementor-widget-text-editor\" data-id=\"63ba833a\" data-element_type=\"widget\" data-widget_type=\"text-editor.default\">\n\t\t\t\t<div class=\"elementor-widget-container\">\n\t\t\t<style>\/*! elementor - v3.6.5 - 27-04-2022 *\/\n.elementor-widget-text-editor.elementor-drop-cap-view-stacked .elementor-drop-cap{background-color:#818a91;color:#fff}.elementor-widget-text-editor.elementor-drop-cap-view-framed .elementor-drop-cap{color:#818a91;border:3px solid;background-color:transparent}.elementor-widget-text-editor:not(.elementor-drop-cap-view-default) .elementor-drop-cap{margin-top:8px}.elementor-widget-text-editor:not(.elementor-drop-cap-view-default) .elementor-drop-cap-letter{width:1em;height:1em}.elementor-widget-text-editor .elementor-drop-cap{float:left;text-align:center;line-height:1;font-size:50px}.elementor-widget-text-editor .elementor-drop-cap-letter{display:inline-block}<\/style>\t\t\t\t<h6>Computa\u00e7\u00e3o de borda para servi\u00e7os IoT e IIoT<\/h6>\t\t\t\t\t\t<\/div>\n\t\t\t\t<\/div>\n\t\t\t\t\t<\/div>\n\t\t<\/div>\n\t\t\t\t\t\t\t<\/div>\n\t\t<\/section>\n\t\t\t\t<section class=\"elementor-section elementor-top-section elementor-element elementor-element-8a96a88 elementor-section-boxed elementor-section-height-default elementor-section-height-default\" data-id=\"8a96a88\" data-element_type=\"section\">\n\t\t\t\t\t\t<div class=\"elementor-container elementor-column-gap-default\">\n\t\t\t\t\t<div class=\"elementor-column elementor-col-100 elementor-top-column elementor-element elementor-element-444997cd\" data-id=\"444997cd\" data-element_type=\"column\">\n\t\t\t<div class=\"elementor-widget-wrap elementor-element-populated\">\n\t\t\t\t\t\t\t\t<div class=\"elementor-element elementor-element-f57e99e elementor-widget elementor-widget-text-editor\" data-id=\"f57e99e\" data-element_type=\"widget\" data-widget_type=\"text-editor.default\">\n\t\t\t\t<div class=\"elementor-widget-container\">\n\t\t\t\t\t\t\t<p><span style=\"font-style: inherit; font-weight: inherit; background-color: var(--ast-global-color-4); color: var(--ast-global-color-3);\">Componente fundamental em solu\u00e7\u00f5es de IoT e IIoT, a computa\u00e7\u00e3o em borda realiza processamento no local de coleta de dados para que os dados possam ser coletados, validados e pr\u00e9-processados antes de envio para a nuvem, diminuindo a demanda por bandas e links e torando a arquitetura dos servi\u00e7os IoT e IIoT mais eficiente.<\/span><\/p><p>A Mezasoft oferece a solu\u00e7\u00e3o completa para solu\u00e7\u00f5es de computa\u00e7\u00e3o de borda:<\/p><ul><li>Projeto de coletores de dados, gateways de comunica\u00e7\u00e3o e unidades remotas (RTU&#8217;s &#8211; Remote Terminal Units)<\/li><li>Projeto e desenvolvimento de hardware espec\u00edfico para processamento de dados e sinais<\/li><li>Desenvolvimento de firmware<\/li><li>Desenvolvimento do software embarcado<\/li><li>Desenvolvimento de drivers de comunica\u00e7\u00e3o<\/li><li>Know how em sistemas operacionais embarcados e real time\u00a0<\/li><li>Oferta completa: projeto, prototipagem, implanta\u00e7\u00e3o, opera\u00e7\u00e3o e suporte<\/li><li><span style=\"font-style: inherit; font-weight: inherit; background-color: var(--ast-global-color-4); color: var(--ast-global-color-3);\">Uso das principais tecnologias em computa\u00e7\u00e3o embarcada<\/span><\/li><\/ul>\t\t\t\t\t\t<\/div>\n\t\t\t\t<\/div>\n\t\t\t\t\t<\/div>\n\t\t<\/div>\n\t\t\t\t\t\t\t<\/div>\n\t\t<\/section>\n\t\t\t\t<section class=\"elementor-section elementor-top-section elementor-element elementor-element-654dfca1 elementor-section-boxed elementor-section-height-default elementor-section-height-default\" data-id=\"654dfca1\" data-element_type=\"section\">\n\t\t\t\t\t\t<div class=\"elementor-container elementor-column-gap-default\">\n\t\t\t\t\t<div class=\"elementor-column elementor-col-100 elementor-top-column elementor-element elementor-element-16ee0904\" data-id=\"16ee0904\" data-element_type=\"column\">\n\t\t\t<div class=\"elementor-widget-wrap elementor-element-populated\">\n\t\t\t\t\t\t\t\t<section class=\"elementor-section elementor-inner-section elementor-element elementor-element-485cd882 elementor-section-boxed elementor-section-height-default elementor-section-height-default\" data-id=\"485cd882\" data-element_type=\"section\">\n\t\t\t\t\t\t<div class=\"elementor-container elementor-column-gap-default\">\n\t\t\t\t\t<div class=\"elementor-column elementor-col-50 elementor-inner-column elementor-element elementor-element-6007a549\" data-id=\"6007a549\" data-element_type=\"column\">\n\t\t\t<div class=\"elementor-widget-wrap elementor-element-populated\">\n\t\t\t\t\t\t\t\t<div class=\"elementor-element elementor-element-5dd213de elementor-widget elementor-widget-image\" data-id=\"5dd213de\" data-element_type=\"widget\" data-widget_type=\"image.default\">\n\t\t\t\t<div class=\"elementor-widget-container\">\n\t\t\t<style>\/*! elementor - v3.6.5 - 27-04-2022 *\/\n.elementor-widget-image{text-align:center}.elementor-widget-image a{display:inline-block}.elementor-widget-image a img[src$=\".svg\"]{width:48px}.elementor-widget-image img{vertical-align:middle;display:inline-block}<\/style>\t\t\t\t\t\t\t\t\t\t\t\t<img loading=\"lazy\" decoding=\"async\" width=\"200\" height=\"136\" src=\"https:\/\/mezasoft.com\/wp-content\/uploads\/2022\/06\/arduino-logo-6.png\" class=\"attachment-medium size-medium\" alt=\"\" \/>\t\t\t\t\t\t\t\t\t\t\t\t\t\t\t<\/div>\n\t\t\t\t<\/div>\n\t\t\t\t\t<\/div>\n\t\t<\/div>\n\t\t\t\t<div class=\"elementor-column elementor-col-50 elementor-inner-column elementor-element elementor-element-1ca6dcf\" data-id=\"1ca6dcf\" data-element_type=\"column\">\n\t\t\t<div class=\"elementor-widget-wrap elementor-element-populated\">\n\t\t\t\t\t\t\t\t<div class=\"elementor-element elementor-element-2266d36e elementor-widget elementor-widget-image\" data-id=\"2266d36e\" data-element_type=\"widget\" data-widget_type=\"image.default\">\n\t\t\t\t<div class=\"elementor-widget-container\">\n\t\t\t\t\t\t\t\t\t\t\t\t\t\t\t<img loading=\"lazy\" decoding=\"async\" width=\"300\" height=\"114\" src=\"https:\/\/mezasoft.com\/wp-content\/uploads\/2022\/06\/FreeRTOS-300x114.jpeg\" class=\"attachment-medium size-medium\" alt=\"\" srcset=\"https:\/\/mezasoft.com\/wp-content\/uploads\/2022\/06\/FreeRTOS-300x114.jpeg 300w, https:\/\/mezasoft.com\/wp-content\/uploads\/2022\/06\/FreeRTOS-e1655125008700.jpeg 150w\" sizes=\"auto, (max-width: 300px) 100vw, 300px\" \/>\t\t\t\t\t\t\t\t\t\t\t\t\t\t\t<\/div>\n\t\t\t\t<\/div>\n\t\t\t\t\t<\/div>\n\t\t<\/div>\n\t\t\t\t\t\t\t<\/div>\n\t\t<\/section>\n\t\t\t\t<div class=\"elementor-element elementor-element-697d934f elementor-widget elementor-widget-text-editor\" data-id=\"697d934f\" data-element_type=\"widget\" data-widget_type=\"text-editor.default\">\n\t\t\t\t<div class=\"elementor-widget-container\">\n\t\t\t\t\t\t\t<h4><a href=\"http:\/\/mezasoft.com\/contato\/\">Entre em contato e saiba como podemos ajudar.<\/a><\/h4>\t\t\t\t\t\t<\/div>\n\t\t\t\t<\/div>\n\t\t\t\t\t<\/div>\n\t\t<\/div>\n\t\t\t\t\t\t\t<\/div>\n\t\t<\/section>\n\t\t\t\t\t\t\t<\/div>\n\t\t","protected":false},"excerpt":{"rendered":"<p>Edge Computing Computa\u00e7\u00e3o de borda para servi\u00e7os IoT e IIoT Componente fundamental em solu\u00e7\u00f5es de IoT e IIoT, a computa\u00e7\u00e3o em borda realiza processamento no local de coleta de dados para que os dados possam ser coletados, validados e pr\u00e9-processados antes de envio para a nuvem, diminuindo a demanda por bandas e links e torando &hellip;<\/p>\n<p class=\"read-more\"> <a class=\"\" href=\"https:\/\/mezasoft.com\/?page_id=1304\"> <span class=\"screen-reader-text\">Edge computing<\/span> Leia mais &raquo;<\/a><\/p>\n","protected":false},"author":1,"featured_media":0,"parent":0,"menu_order":0,"comment_status":"closed","ping_status":"closed","template":"","meta":{"site-sidebar-layout":"no-sidebar","site-content-layout":"page-builder","ast-global-header-display":"","ast-main-header-display":"","ast-hfb-above-header-display":"","ast-hfb-below-header-display":"","ast-hfb-mobile-header-display":"","site-post-title":"disabled","ast-breadcrumbs-content":"","ast-featured-img":"disabled","footer-sml-layout":"","theme-transparent-header-meta":"","adv-header-id-meta":"","stick-header-meta":"","header-above-stick-meta":"","header-main-stick-meta":"","header-below-stick-meta":"","footnotes":""},"class_list":["post-1304","page","type-page","status-publish","hentry"],"yoast_head":"<!-- This site is optimized with the Yoast SEO plugin v19.0 - https:\/\/yoast.com\/wordpress\/plugins\/seo\/ -->\n<title>Edge computing - Mezasoft<\/title>\n<meta name=\"description\" content=\"Projeto, desenvolvimento, comissionamento e opera\u00e7\u00e3o de coletores de dados, remotas e computa\u00e7\u00e3o de campo.\" \/>\n<meta name=\"robots\" content=\"index, follow, max-snippet:-1, max-image-preview:large, max-video-preview:-1\" \/>\n<link rel=\"canonical\" href=\"http:\/\/mezasoft.com\/?page_id=1304\" \/>\n<meta property=\"og:locale\" content=\"pt_BR\" \/>\n<meta property=\"og:type\" content=\"article\" \/>\n<meta property=\"og:title\" content=\"Edge computing - Mezasoft\" \/>\n<meta property=\"og:description\" content=\"Projeto, desenvolvimento, comissionamento e opera\u00e7\u00e3o de coletores de dados, remotas e computa\u00e7\u00e3o de campo.\" \/>\n<meta property=\"og:url\" content=\"http:\/\/mezasoft.com\/?page_id=1304\" \/>\n<meta property=\"og:site_name\" content=\"Mezasoft\" \/>\n<meta property=\"article:publisher\" content=\"https:\/\/pt-br.facebook.com\/MezasoftSoftware\/\" \/>\n<meta property=\"article:modified_time\" content=\"2022-06-13T18:42:55+00:00\" \/>\n<meta property=\"og:image\" content=\"http:\/\/mezasoft.com\/wp-content\/uploads\/2022\/06\/arduino-logo-6.png\" \/>\n<meta name=\"twitter:card\" content=\"summary_large_image\" \/>\n<meta name=\"twitter:site\" content=\"@mezasoft\" \/>\n<meta name=\"twitter:label1\" content=\"Est. tempo de leitura\" \/>\n\t<meta name=\"twitter:data1\" content=\"2 minutos\" \/>\n<script type=\"application\/ld+json\" class=\"yoast-schema-graph\">{\"@context\":\"https:\/\/schema.org\",\"@graph\":[{\"@type\":\"Organization\",\"@id\":\"http:\/\/mezasoft.com\/#organization\",\"name\":\"Mezasoft\",\"url\":\"http:\/\/mezasoft.com\/\",\"sameAs\":[\"https:\/\/www.linkedin.com\/company\/mezasoft\",\"https:\/\/pt-br.facebook.com\/MezasoftSoftware\/\",\"https:\/\/twitter.com\/mezasoft\"],\"logo\":{\"@type\":\"ImageObject\",\"inLanguage\":\"pt-BR\",\"@id\":\"http:\/\/mezasoft.com\/#\/schema\/logo\/image\/\",\"url\":\"http:\/\/mezasoft.com\/wp-content\/uploads\/2022\/06\/cropped-mezasoft_logo_azul-claro.png\",\"contentUrl\":\"http:\/\/mezasoft.com\/wp-content\/uploads\/2022\/06\/cropped-mezasoft_logo_azul-claro.png\",\"width\":1200,\"height\":282,\"caption\":\"Mezasoft\"},\"image\":{\"@id\":\"http:\/\/mezasoft.com\/#\/schema\/logo\/image\/\"}},{\"@type\":\"WebSite\",\"@id\":\"http:\/\/mezasoft.com\/#website\",\"url\":\"http:\/\/mezasoft.com\/\",\"name\":\"Mezasoft\",\"description\":\"Ind\u00fastria 4.0 e IoT\",\"publisher\":{\"@id\":\"http:\/\/mezasoft.com\/#organization\"},\"potentialAction\":[{\"@type\":\"SearchAction\",\"target\":{\"@type\":\"EntryPoint\",\"urlTemplate\":\"http:\/\/mezasoft.com\/?s={search_term_string}\"},\"query-input\":\"required name=search_term_string\"}],\"inLanguage\":\"pt-BR\"},{\"@type\":\"ImageObject\",\"inLanguage\":\"pt-BR\",\"@id\":\"http:\/\/mezasoft.com\/?page_id=1304#primaryimage\",\"url\":\"https:\/\/mezasoft.com\/wp-content\/uploads\/2022\/06\/arduino-logo-6.png\",\"contentUrl\":\"https:\/\/mezasoft.com\/wp-content\/uploads\/2022\/06\/arduino-logo-6.png\",\"width\":200,\"height\":136},{\"@type\":\"WebPage\",\"@id\":\"http:\/\/mezasoft.com\/?page_id=1304#webpage\",\"url\":\"http:\/\/mezasoft.com\/?page_id=1304\",\"name\":\"Edge computing - Mezasoft\",\"isPartOf\":{\"@id\":\"http:\/\/mezasoft.com\/#website\"},\"primaryImageOfPage\":{\"@id\":\"http:\/\/mezasoft.com\/?page_id=1304#primaryimage\"},\"datePublished\":\"2022-06-13T12:40:04+00:00\",\"dateModified\":\"2022-06-13T18:42:55+00:00\",\"description\":\"Projeto, desenvolvimento, comissionamento e opera\u00e7\u00e3o de coletores de dados, remotas e computa\u00e7\u00e3o de campo.\",\"breadcrumb\":{\"@id\":\"http:\/\/mezasoft.com\/?page_id=1304#breadcrumb\"},\"inLanguage\":\"pt-BR\",\"potentialAction\":[{\"@type\":\"ReadAction\",\"target\":[\"http:\/\/mezasoft.com\/?page_id=1304\"]}]},{\"@type\":\"BreadcrumbList\",\"@id\":\"http:\/\/mezasoft.com\/?page_id=1304#breadcrumb\",\"itemListElement\":[{\"@type\":\"ListItem\",\"position\":1,\"name\":\"In\u00edcio\",\"item\":\"http:\/\/mezasoft.com\/\"},{\"@type\":\"ListItem\",\"position\":2,\"name\":\"Edge computing\"}]}]}<\/script>\n<!-- \/ Yoast SEO plugin. -->","yoast_head_json":{"title":"Edge computing - Mezasoft","description":"Projeto, desenvolvimento, comissionamento e opera\u00e7\u00e3o de coletores de dados, remotas e computa\u00e7\u00e3o de campo.","robots":{"index":"index","follow":"follow","max-snippet":"max-snippet:-1","max-image-preview":"max-image-preview:large","max-video-preview":"max-video-preview:-1"},"canonical":"http:\/\/mezasoft.com\/?page_id=1304","og_locale":"pt_BR","og_type":"article","og_title":"Edge computing - Mezasoft","og_description":"Projeto, desenvolvimento, comissionamento e opera\u00e7\u00e3o de coletores de dados, remotas e computa\u00e7\u00e3o de campo.","og_url":"http:\/\/mezasoft.com\/?page_id=1304","og_site_name":"Mezasoft","article_publisher":"https:\/\/pt-br.facebook.com\/MezasoftSoftware\/","article_modified_time":"2022-06-13T18:42:55+00:00","og_image":[{"url":"http:\/\/mezasoft.com\/wp-content\/uploads\/2022\/06\/arduino-logo-6.png"}],"twitter_card":"summary_large_image","twitter_site":"@mezasoft","twitter_misc":{"Est. tempo de leitura":"2 minutos"},"schema":{"@context":"https:\/\/schema.org","@graph":[{"@type":"Organization","@id":"http:\/\/mezasoft.com\/#organization","name":"Mezasoft","url":"http:\/\/mezasoft.com\/","sameAs":["https:\/\/www.linkedin.com\/company\/mezasoft","https:\/\/pt-br.facebook.com\/MezasoftSoftware\/","https:\/\/twitter.com\/mezasoft"],"logo":{"@type":"ImageObject","inLanguage":"pt-BR","@id":"http:\/\/mezasoft.com\/#\/schema\/logo\/image\/","url":"http:\/\/mezasoft.com\/wp-content\/uploads\/2022\/06\/cropped-mezasoft_logo_azul-claro.png","contentUrl":"http:\/\/mezasoft.com\/wp-content\/uploads\/2022\/06\/cropped-mezasoft_logo_azul-claro.png","width":1200,"height":282,"caption":"Mezasoft"},"image":{"@id":"http:\/\/mezasoft.com\/#\/schema\/logo\/image\/"}},{"@type":"WebSite","@id":"http:\/\/mezasoft.com\/#website","url":"http:\/\/mezasoft.com\/","name":"Mezasoft","description":"Ind\u00fastria 4.0 e IoT","publisher":{"@id":"http:\/\/mezasoft.com\/#organization"},"potentialAction":[{"@type":"SearchAction","target":{"@type":"EntryPoint","urlTemplate":"http:\/\/mezasoft.com\/?s={search_term_string}"},"query-input":"required name=search_term_string"}],"inLanguage":"pt-BR"},{"@type":"ImageObject","inLanguage":"pt-BR","@id":"http:\/\/mezasoft.com\/?page_id=1304#primaryimage","url":"https:\/\/mezasoft.com\/wp-content\/uploads\/2022\/06\/arduino-logo-6.png","contentUrl":"https:\/\/mezasoft.com\/wp-content\/uploads\/2022\/06\/arduino-logo-6.png","width":200,"height":136},{"@type":"WebPage","@id":"http:\/\/mezasoft.com\/?page_id=1304#webpage","url":"http:\/\/mezasoft.com\/?page_id=1304","name":"Edge computing - Mezasoft","isPartOf":{"@id":"http:\/\/mezasoft.com\/#website"},"primaryImageOfPage":{"@id":"http:\/\/mezasoft.com\/?page_id=1304#primaryimage"},"datePublished":"2022-06-13T12:40:04+00:00","dateModified":"2022-06-13T18:42:55+00:00","description":"Projeto, desenvolvimento, comissionamento e opera\u00e7\u00e3o de coletores de dados, remotas e computa\u00e7\u00e3o de campo.","breadcrumb":{"@id":"http:\/\/mezasoft.com\/?page_id=1304#breadcrumb"},"inLanguage":"pt-BR","potentialAction":[{"@type":"ReadAction","target":["http:\/\/mezasoft.com\/?page_id=1304"]}]},{"@type":"BreadcrumbList","@id":"http:\/\/mezasoft.com\/?page_id=1304#breadcrumb","itemListElement":[{"@type":"ListItem","position":1,"name":"In\u00edcio","item":"http:\/\/mezasoft.com\/"},{"@type":"ListItem","position":2,"name":"Edge computing"}]}]}},"_links":{"self":[{"href":"https:\/\/mezasoft.com\/index.php?rest_route=\/wp\/v2\/pages\/1304","targetHints":{"allow":["GET"]}}],"collection":[{"href":"https:\/\/mezasoft.com\/index.php?rest_route=\/wp\/v2\/pages"}],"about":[{"href":"https:\/\/mezasoft.com\/index.php?rest_route=\/wp\/v2\/types\/page"}],"author":[{"embeddable":true,"href":"https:\/\/mezasoft.com\/index.php?rest_route=\/wp\/v2\/users\/1"}],"replies":[{"embeddable":true,"href":"https:\/\/mezasoft.com\/index.php?rest_route=%2Fwp%2Fv2%2Fcomments&post=1304"}],"version-history":[{"count":17,"href":"https:\/\/mezasoft.com\/index.php?rest_route=\/wp\/v2\/pages\/1304\/revisions"}],"predecessor-version":[{"id":1483,"href":"https:\/\/mezasoft.com\/index.php?rest_route=\/wp\/v2\/pages\/1304\/revisions\/1483"}],"wp:attachment":[{"href":"https:\/\/mezasoft.com\/index.php?rest_route=%2Fwp%2Fv2%2Fmedia&parent=1304"}],"curies":[{"name":"wp","href":"https:\/\/api.w.org\/{rel}","templated":true}]}}