{"id":1334,"date":"2022-06-13T10:06:44","date_gmt":"2022-06-13T13:06:44","guid":{"rendered":"http:\/\/mezasoft.com\/?page_id=1334"},"modified":"2022-06-13T15:44:33","modified_gmt":"2022-06-13T18:44:33","slug":"embedded-computing","status":"publish","type":"page","link":"https:\/\/mezasoft.com\/?page_id=1334","title":{"rendered":"Embedded Computing"},"content":{"rendered":"\t\t<div data-elementor-type=\"wp-page\" data-elementor-id=\"1334\" class=\"elementor elementor-1334\">\n\t\t\t\t\t\t\t\t\t<section class=\"elementor-section elementor-top-section elementor-element elementor-element-41f2b71c elementor-section-boxed elementor-section-height-default elementor-section-height-default\" data-id=\"41f2b71c\" data-element_type=\"section\">\n\t\t\t\t\t\t<div class=\"elementor-container elementor-column-gap-default\">\n\t\t\t\t\t<div class=\"elementor-column elementor-col-100 elementor-top-column elementor-element elementor-element-60a53319\" data-id=\"60a53319\" data-element_type=\"column\">\n\t\t\t<div class=\"elementor-widget-wrap elementor-element-populated\">\n\t\t\t\t\t\t\t\t<div class=\"elementor-element elementor-element-38a1a77 elementor-widget elementor-widget-heading\" data-id=\"38a1a77\" data-element_type=\"widget\" data-widget_type=\"heading.default\">\n\t\t\t\t<div class=\"elementor-widget-container\">\n\t\t\t<style>\/*! elementor - v3.6.5 - 27-04-2022 *\/\n.elementor-heading-title{padding:0;margin:0;line-height:1}.elementor-widget-heading .elementor-heading-title[class*=elementor-size-]>a{color:inherit;font-size:inherit;line-height:inherit}.elementor-widget-heading .elementor-heading-title.elementor-size-small{font-size:15px}.elementor-widget-heading .elementor-heading-title.elementor-size-medium{font-size:19px}.elementor-widget-heading .elementor-heading-title.elementor-size-large{font-size:29px}.elementor-widget-heading .elementor-heading-title.elementor-size-xl{font-size:39px}.elementor-widget-heading .elementor-heading-title.elementor-size-xxl{font-size:59px}<\/style><h2 class=\"elementor-heading-title elementor-size-default\">Embedded Computing<\/h2>\t\t<\/div>\n\t\t\t\t<\/div>\n\t\t\t\t\t<\/div>\n\t\t<\/div>\n\t\t\t\t\t\t\t<\/div>\n\t\t<\/section>\n\t\t\t\t<section class=\"elementor-section elementor-top-section elementor-element elementor-element-3f1c20f0 elementor-section-boxed elementor-section-height-default elementor-section-height-default\" data-id=\"3f1c20f0\" data-element_type=\"section\">\n\t\t\t\t\t\t<div class=\"elementor-container elementor-column-gap-default\">\n\t\t\t\t\t<div class=\"elementor-column elementor-col-100 elementor-top-column elementor-element elementor-element-8df3d1\" data-id=\"8df3d1\" data-element_type=\"column\">\n\t\t\t<div class=\"elementor-widget-wrap elementor-element-populated\">\n\t\t\t\t\t\t\t\t<div class=\"elementor-element elementor-element-10aac4bf elementor-widget elementor-widget-text-editor\" data-id=\"10aac4bf\" data-element_type=\"widget\" data-widget_type=\"text-editor.default\">\n\t\t\t\t<div class=\"elementor-widget-container\">\n\t\t\t<style>\/*! elementor - v3.6.5 - 27-04-2022 *\/\n.elementor-widget-text-editor.elementor-drop-cap-view-stacked .elementor-drop-cap{background-color:#818a91;color:#fff}.elementor-widget-text-editor.elementor-drop-cap-view-framed .elementor-drop-cap{color:#818a91;border:3px solid;background-color:transparent}.elementor-widget-text-editor:not(.elementor-drop-cap-view-default) .elementor-drop-cap{margin-top:8px}.elementor-widget-text-editor:not(.elementor-drop-cap-view-default) .elementor-drop-cap-letter{width:1em;height:1em}.elementor-widget-text-editor .elementor-drop-cap{float:left;text-align:center;line-height:1;font-size:50px}.elementor-widget-text-editor .elementor-drop-cap-letter{display:inline-block}<\/style>\t\t\t\t<h6>Softwares e servi\u00e7os embarcados em m\u00e1quinas e equipamentos<\/h6>\t\t\t\t\t\t<\/div>\n\t\t\t\t<\/div>\n\t\t\t\t\t<\/div>\n\t\t<\/div>\n\t\t\t\t\t\t\t<\/div>\n\t\t<\/section>\n\t\t\t\t<section class=\"elementor-section elementor-top-section elementor-element elementor-element-3c175c1b elementor-section-boxed elementor-section-height-default elementor-section-height-default\" data-id=\"3c175c1b\" data-element_type=\"section\">\n\t\t\t\t\t\t<div class=\"elementor-container elementor-column-gap-default\">\n\t\t\t\t\t<div class=\"elementor-column elementor-col-100 elementor-top-column elementor-element elementor-element-46776119\" data-id=\"46776119\" data-element_type=\"column\">\n\t\t\t<div class=\"elementor-widget-wrap elementor-element-populated\">\n\t\t\t\t\t\t\t\t<div class=\"elementor-element elementor-element-1aa112ed elementor-widget elementor-widget-text-editor\" data-id=\"1aa112ed\" data-element_type=\"widget\" data-widget_type=\"text-editor.default\">\n\t\t\t\t<div class=\"elementor-widget-container\">\n\t\t\t\t\t\t\t<p>A computa\u00e7\u00e3o embarcada \u00e9 um componente essencial do processo de digitaliza\u00e7\u00e3o de ind\u00fastrias, operadores de transporte e log\u00edstica, e um elemento fundamental para a ado\u00e7\u00e3o de tecnologias da Ind\u00fastria 4.0 e IoT\/IIoT.<\/p><p><span style=\"font-style: inherit; font-weight: inherit; background-color: var(--ast-global-color-4); color: var(--ast-global-color-3);\">Oferecemos a solu\u00e7\u00e3o completa para seu projeto de computa\u00e7\u00e3o embarcada:<\/span><\/p><ul><li>Projeto e desenvolvimento de hardware<\/li><li>Projeto e desenvolvimento de firmware e software de aplica\u00e7\u00e3o<\/li><li>Homologa\u00e7\u00e3o e certifica\u00e7\u00e3o da solu\u00e7\u00e3o<\/li><li><span style=\"font-style: inherit; font-weight: inherit; background-color: var(--ast-global-color-4); color: var(--ast-global-color-3);\">Conectividade\u00a0<\/span><\/li><\/ul>\t\t\t\t\t\t<\/div>\n\t\t\t\t<\/div>\n\t\t\t\t\t<\/div>\n\t\t<\/div>\n\t\t\t\t\t\t\t<\/div>\n\t\t<\/section>\n\t\t\t\t<section class=\"elementor-section elementor-top-section elementor-element elementor-element-2f65a43d elementor-section-boxed elementor-section-height-default elementor-section-height-default\" data-id=\"2f65a43d\" data-element_type=\"section\">\n\t\t\t\t\t\t<div class=\"elementor-container elementor-column-gap-default\">\n\t\t\t\t\t<div class=\"elementor-column elementor-col-100 elementor-top-column elementor-element elementor-element-4764f279\" data-id=\"4764f279\" data-element_type=\"column\">\n\t\t\t<div class=\"elementor-widget-wrap elementor-element-populated\">\n\t\t\t\t\t\t\t\t<div class=\"elementor-element elementor-element-95a4b75 elementor-widget elementor-widget-text-editor\" data-id=\"95a4b75\" data-element_type=\"widget\" data-widget_type=\"text-editor.default\">\n\t\t\t\t<div class=\"elementor-widget-container\">\n\t\t\t\t\t\t\t<h4><a href=\"http:\/\/mezasoft.com\/contato\/\">Entre em contato e saiba como podemos ajudar com seu projeto de sistemas embarcados.<\/a><\/h4>\t\t\t\t\t\t<\/div>\n\t\t\t\t<\/div>\n\t\t\t\t\t<\/div>\n\t\t<\/div>\n\t\t\t\t\t\t\t<\/div>\n\t\t<\/section>\n\t\t\t\t\t\t\t<\/div>\n\t\t","protected":false},"excerpt":{"rendered":"<p>Embedded Computing Softwares e servi\u00e7os embarcados em m\u00e1quinas e equipamentos A computa\u00e7\u00e3o embarcada \u00e9 um componente essencial do processo de digitaliza\u00e7\u00e3o de ind\u00fastrias, operadores de transporte e log\u00edstica, e um elemento fundamental para a ado\u00e7\u00e3o de tecnologias da Ind\u00fastria 4.0 e IoT\/IIoT. Oferecemos a solu\u00e7\u00e3o completa para seu projeto de computa\u00e7\u00e3o embarcada: Projeto e desenvolvimento &hellip;<\/p>\n<p class=\"read-more\"> <a class=\"\" href=\"https:\/\/mezasoft.com\/?page_id=1334\"> <span class=\"screen-reader-text\">Embedded Computing<\/span> Leia mais &raquo;<\/a><\/p>\n","protected":false},"author":1,"featured_media":0,"parent":0,"menu_order":0,"comment_status":"closed","ping_status":"closed","template":"","meta":{"site-sidebar-layout":"no-sidebar","site-content-layout":"page-builder","ast-global-header-display":"","ast-main-header-display":"","ast-hfb-above-header-display":"","ast-hfb-below-header-display":"","ast-hfb-mobile-header-display":"","site-post-title":"disabled","ast-breadcrumbs-content":"","ast-featured-img":"disabled","footer-sml-layout":"","theme-transparent-header-meta":"","adv-header-id-meta":"","stick-header-meta":"","header-above-stick-meta":"","header-main-stick-meta":"","header-below-stick-meta":"","footnotes":""},"class_list":["post-1334","page","type-page","status-publish","hentry"],"yoast_head":"<!-- This site is optimized with the Yoast SEO plugin v19.0 - https:\/\/yoast.com\/wordpress\/plugins\/seo\/ -->\n<title>Embedded Computing - Mezasoft<\/title>\n<meta name=\"description\" content=\"Projeto, desenvolvimento e comissionamento de hardware e software embarcado em dispositivos, m\u00e1quinas e equipamentos.\" \/>\n<meta name=\"robots\" content=\"index, follow, max-snippet:-1, max-image-preview:large, max-video-preview:-1\" \/>\n<link rel=\"canonical\" href=\"http:\/\/mezasoft.com\/?page_id=1334\" \/>\n<meta property=\"og:locale\" content=\"pt_BR\" \/>\n<meta property=\"og:type\" content=\"article\" \/>\n<meta property=\"og:title\" content=\"Embedded Computing - Mezasoft\" \/>\n<meta property=\"og:description\" content=\"Projeto, desenvolvimento e comissionamento de hardware e software embarcado em dispositivos, m\u00e1quinas e equipamentos.\" \/>\n<meta property=\"og:url\" content=\"http:\/\/mezasoft.com\/?page_id=1334\" \/>\n<meta property=\"og:site_name\" content=\"Mezasoft\" \/>\n<meta property=\"article:publisher\" content=\"https:\/\/pt-br.facebook.com\/MezasoftSoftware\/\" \/>\n<meta property=\"article:modified_time\" content=\"2022-06-13T18:44:33+00:00\" \/>\n<meta name=\"twitter:card\" content=\"summary_large_image\" \/>\n<meta name=\"twitter:site\" content=\"@mezasoft\" \/>\n<meta name=\"twitter:label1\" content=\"Est. tempo de leitura\" \/>\n\t<meta name=\"twitter:data1\" content=\"1 minuto\" \/>\n<script type=\"application\/ld+json\" class=\"yoast-schema-graph\">{\"@context\":\"https:\/\/schema.org\",\"@graph\":[{\"@type\":\"Organization\",\"@id\":\"http:\/\/mezasoft.com\/#organization\",\"name\":\"Mezasoft\",\"url\":\"http:\/\/mezasoft.com\/\",\"sameAs\":[\"https:\/\/www.linkedin.com\/company\/mezasoft\",\"https:\/\/pt-br.facebook.com\/MezasoftSoftware\/\",\"https:\/\/twitter.com\/mezasoft\"],\"logo\":{\"@type\":\"ImageObject\",\"inLanguage\":\"pt-BR\",\"@id\":\"http:\/\/mezasoft.com\/#\/schema\/logo\/image\/\",\"url\":\"http:\/\/mezasoft.com\/wp-content\/uploads\/2022\/06\/cropped-mezasoft_logo_azul-claro.png\",\"contentUrl\":\"http:\/\/mezasoft.com\/wp-content\/uploads\/2022\/06\/cropped-mezasoft_logo_azul-claro.png\",\"width\":1200,\"height\":282,\"caption\":\"Mezasoft\"},\"image\":{\"@id\":\"http:\/\/mezasoft.com\/#\/schema\/logo\/image\/\"}},{\"@type\":\"WebSite\",\"@id\":\"http:\/\/mezasoft.com\/#website\",\"url\":\"http:\/\/mezasoft.com\/\",\"name\":\"Mezasoft\",\"description\":\"Ind\u00fastria 4.0 e IoT\",\"publisher\":{\"@id\":\"http:\/\/mezasoft.com\/#organization\"},\"potentialAction\":[{\"@type\":\"SearchAction\",\"target\":{\"@type\":\"EntryPoint\",\"urlTemplate\":\"http:\/\/mezasoft.com\/?s={search_term_string}\"},\"query-input\":\"required name=search_term_string\"}],\"inLanguage\":\"pt-BR\"},{\"@type\":\"WebPage\",\"@id\":\"http:\/\/mezasoft.com\/?page_id=1334#webpage\",\"url\":\"http:\/\/mezasoft.com\/?page_id=1334\",\"name\":\"Embedded Computing - Mezasoft\",\"isPartOf\":{\"@id\":\"http:\/\/mezasoft.com\/#website\"},\"datePublished\":\"2022-06-13T13:06:44+00:00\",\"dateModified\":\"2022-06-13T18:44:33+00:00\",\"description\":\"Projeto, desenvolvimento e comissionamento de hardware e software embarcado em dispositivos, m\u00e1quinas e equipamentos.\",\"breadcrumb\":{\"@id\":\"http:\/\/mezasoft.com\/?page_id=1334#breadcrumb\"},\"inLanguage\":\"pt-BR\",\"potentialAction\":[{\"@type\":\"ReadAction\",\"target\":[\"http:\/\/mezasoft.com\/?page_id=1334\"]}]},{\"@type\":\"BreadcrumbList\",\"@id\":\"http:\/\/mezasoft.com\/?page_id=1334#breadcrumb\",\"itemListElement\":[{\"@type\":\"ListItem\",\"position\":1,\"name\":\"In\u00edcio\",\"item\":\"http:\/\/mezasoft.com\/\"},{\"@type\":\"ListItem\",\"position\":2,\"name\":\"Embedded Computing\"}]}]}<\/script>\n<!-- \/ Yoast SEO plugin. -->","yoast_head_json":{"title":"Embedded Computing - Mezasoft","description":"Projeto, desenvolvimento e comissionamento de hardware e software embarcado em dispositivos, m\u00e1quinas e equipamentos.","robots":{"index":"index","follow":"follow","max-snippet":"max-snippet:-1","max-image-preview":"max-image-preview:large","max-video-preview":"max-video-preview:-1"},"canonical":"http:\/\/mezasoft.com\/?page_id=1334","og_locale":"pt_BR","og_type":"article","og_title":"Embedded Computing - Mezasoft","og_description":"Projeto, desenvolvimento e comissionamento de hardware e software embarcado em dispositivos, m\u00e1quinas e equipamentos.","og_url":"http:\/\/mezasoft.com\/?page_id=1334","og_site_name":"Mezasoft","article_publisher":"https:\/\/pt-br.facebook.com\/MezasoftSoftware\/","article_modified_time":"2022-06-13T18:44:33+00:00","twitter_card":"summary_large_image","twitter_site":"@mezasoft","twitter_misc":{"Est. tempo de leitura":"1 minuto"},"schema":{"@context":"https:\/\/schema.org","@graph":[{"@type":"Organization","@id":"http:\/\/mezasoft.com\/#organization","name":"Mezasoft","url":"http:\/\/mezasoft.com\/","sameAs":["https:\/\/www.linkedin.com\/company\/mezasoft","https:\/\/pt-br.facebook.com\/MezasoftSoftware\/","https:\/\/twitter.com\/mezasoft"],"logo":{"@type":"ImageObject","inLanguage":"pt-BR","@id":"http:\/\/mezasoft.com\/#\/schema\/logo\/image\/","url":"http:\/\/mezasoft.com\/wp-content\/uploads\/2022\/06\/cropped-mezasoft_logo_azul-claro.png","contentUrl":"http:\/\/mezasoft.com\/wp-content\/uploads\/2022\/06\/cropped-mezasoft_logo_azul-claro.png","width":1200,"height":282,"caption":"Mezasoft"},"image":{"@id":"http:\/\/mezasoft.com\/#\/schema\/logo\/image\/"}},{"@type":"WebSite","@id":"http:\/\/mezasoft.com\/#website","url":"http:\/\/mezasoft.com\/","name":"Mezasoft","description":"Ind\u00fastria 4.0 e IoT","publisher":{"@id":"http:\/\/mezasoft.com\/#organization"},"potentialAction":[{"@type":"SearchAction","target":{"@type":"EntryPoint","urlTemplate":"http:\/\/mezasoft.com\/?s={search_term_string}"},"query-input":"required name=search_term_string"}],"inLanguage":"pt-BR"},{"@type":"WebPage","@id":"http:\/\/mezasoft.com\/?page_id=1334#webpage","url":"http:\/\/mezasoft.com\/?page_id=1334","name":"Embedded Computing - Mezasoft","isPartOf":{"@id":"http:\/\/mezasoft.com\/#website"},"datePublished":"2022-06-13T13:06:44+00:00","dateModified":"2022-06-13T18:44:33+00:00","description":"Projeto, desenvolvimento e comissionamento de hardware e software embarcado em dispositivos, m\u00e1quinas e equipamentos.","breadcrumb":{"@id":"http:\/\/mezasoft.com\/?page_id=1334#breadcrumb"},"inLanguage":"pt-BR","potentialAction":[{"@type":"ReadAction","target":["http:\/\/mezasoft.com\/?page_id=1334"]}]},{"@type":"BreadcrumbList","@id":"http:\/\/mezasoft.com\/?page_id=1334#breadcrumb","itemListElement":[{"@type":"ListItem","position":1,"name":"In\u00edcio","item":"http:\/\/mezasoft.com\/"},{"@type":"ListItem","position":2,"name":"Embedded Computing"}]}]}},"_links":{"self":[{"href":"https:\/\/mezasoft.com\/index.php?rest_route=\/wp\/v2\/pages\/1334","targetHints":{"allow":["GET"]}}],"collection":[{"href":"https:\/\/mezasoft.com\/index.php?rest_route=\/wp\/v2\/pages"}],"about":[{"href":"https:\/\/mezasoft.com\/index.php?rest_route=\/wp\/v2\/types\/page"}],"author":[{"embeddable":true,"href":"https:\/\/mezasoft.com\/index.php?rest_route=\/wp\/v2\/users\/1"}],"replies":[{"embeddable":true,"href":"https:\/\/mezasoft.com\/index.php?rest_route=%2Fwp%2Fv2%2Fcomments&post=1334"}],"version-history":[{"count":11,"href":"https:\/\/mezasoft.com\/index.php?rest_route=\/wp\/v2\/pages\/1334\/revisions"}],"predecessor-version":[{"id":1349,"href":"https:\/\/mezasoft.com\/index.php?rest_route=\/wp\/v2\/pages\/1334\/revisions\/1349"}],"wp:attachment":[{"href":"https:\/\/mezasoft.com\/index.php?rest_route=%2Fwp%2Fv2%2Fmedia&parent=1334"}],"curies":[{"name":"wp","href":"https:\/\/api.w.org\/{rel}","templated":true}]}}