{"id":1357,"date":"2022-06-13T10:36:14","date_gmt":"2022-06-13T13:36:14","guid":{"rendered":"http:\/\/mezasoft.com\/?page_id=1357"},"modified":"2022-06-13T15:49:42","modified_gmt":"2022-06-13T18:49:42","slug":"iot-hub","status":"publish","type":"page","link":"https:\/\/mezasoft.com\/?page_id=1357","title":{"rendered":"IoT Hub"},"content":{"rendered":"\t\t<div data-elementor-type=\"wp-page\" data-elementor-id=\"1357\" class=\"elementor elementor-1357\">\n\t\t\t\t\t\t\t\t\t<section class=\"elementor-section elementor-top-section elementor-element elementor-element-1a2040ba elementor-section-boxed elementor-section-height-default elementor-section-height-default\" data-id=\"1a2040ba\" data-element_type=\"section\">\n\t\t\t\t\t\t<div class=\"elementor-container elementor-column-gap-default\">\n\t\t\t\t\t<div class=\"elementor-column elementor-col-100 elementor-top-column elementor-element elementor-element-5f9346ea\" data-id=\"5f9346ea\" data-element_type=\"column\">\n\t\t\t<div class=\"elementor-widget-wrap elementor-element-populated\">\n\t\t\t\t\t\t\t\t<div class=\"elementor-element elementor-element-69ce3f19 elementor-widget elementor-widget-heading\" data-id=\"69ce3f19\" data-element_type=\"widget\" data-widget_type=\"heading.default\">\n\t\t\t\t<div class=\"elementor-widget-container\">\n\t\t\t<style>\/*! elementor - v3.6.5 - 27-04-2022 *\/\n.elementor-heading-title{padding:0;margin:0;line-height:1}.elementor-widget-heading .elementor-heading-title[class*=elementor-size-]>a{color:inherit;font-size:inherit;line-height:inherit}.elementor-widget-heading .elementor-heading-title.elementor-size-small{font-size:15px}.elementor-widget-heading .elementor-heading-title.elementor-size-medium{font-size:19px}.elementor-widget-heading .elementor-heading-title.elementor-size-large{font-size:29px}.elementor-widget-heading .elementor-heading-title.elementor-size-xl{font-size:39px}.elementor-widget-heading .elementor-heading-title.elementor-size-xxl{font-size:59px}<\/style><h2 class=\"elementor-heading-title elementor-size-default\">IoT Hub<\/h2>\t\t<\/div>\n\t\t\t\t<\/div>\n\t\t\t\t\t<\/div>\n\t\t<\/div>\n\t\t\t\t\t\t\t<\/div>\n\t\t<\/section>\n\t\t\t\t<section class=\"elementor-section elementor-top-section elementor-element elementor-element-2c90c22f elementor-section-boxed elementor-section-height-default elementor-section-height-default\" data-id=\"2c90c22f\" data-element_type=\"section\">\n\t\t\t\t\t\t<div class=\"elementor-container elementor-column-gap-default\">\n\t\t\t\t\t<div class=\"elementor-column elementor-col-100 elementor-top-column elementor-element elementor-element-24965c01\" data-id=\"24965c01\" data-element_type=\"column\">\n\t\t\t<div class=\"elementor-widget-wrap elementor-element-populated\">\n\t\t\t\t\t\t\t\t<div class=\"elementor-element elementor-element-2887eb63 elementor-widget elementor-widget-text-editor\" data-id=\"2887eb63\" data-element_type=\"widget\" data-widget_type=\"text-editor.default\">\n\t\t\t\t<div class=\"elementor-widget-container\">\n\t\t\t<style>\/*! elementor - v3.6.5 - 27-04-2022 *\/\n.elementor-widget-text-editor.elementor-drop-cap-view-stacked .elementor-drop-cap{background-color:#818a91;color:#fff}.elementor-widget-text-editor.elementor-drop-cap-view-framed .elementor-drop-cap{color:#818a91;border:3px solid;background-color:transparent}.elementor-widget-text-editor:not(.elementor-drop-cap-view-default) .elementor-drop-cap{margin-top:8px}.elementor-widget-text-editor:not(.elementor-drop-cap-view-default) .elementor-drop-cap-letter{width:1em;height:1em}.elementor-widget-text-editor .elementor-drop-cap{float:left;text-align:center;line-height:1;font-size:50px}.elementor-widget-text-editor .elementor-drop-cap-letter{display:inline-block}<\/style>\t\t\t\t<h6>Plataforma de integra\u00e7\u00e3o para sistemas IoT<\/h6>\t\t\t\t\t\t<\/div>\n\t\t\t\t<\/div>\n\t\t\t\t\t<\/div>\n\t\t<\/div>\n\t\t\t\t\t\t\t<\/div>\n\t\t<\/section>\n\t\t\t\t<section class=\"elementor-section elementor-top-section elementor-element elementor-element-5d6f0136 elementor-section-boxed elementor-section-height-default elementor-section-height-default\" data-id=\"5d6f0136\" data-element_type=\"section\">\n\t\t\t\t\t\t<div class=\"elementor-container elementor-column-gap-default\">\n\t\t\t\t\t<div class=\"elementor-column elementor-col-100 elementor-top-column elementor-element elementor-element-18b9e8f0\" data-id=\"18b9e8f0\" data-element_type=\"column\">\n\t\t\t<div class=\"elementor-widget-wrap elementor-element-populated\">\n\t\t\t\t\t\t\t\t<div class=\"elementor-element elementor-element-230233d7 elementor-widget elementor-widget-text-editor\" data-id=\"230233d7\" data-element_type=\"widget\" data-widget_type=\"text-editor.default\">\n\t\t\t\t<div class=\"elementor-widget-container\">\n\t\t\t\t\t\t\t<p>Um IoT Hub \u00e9 um sistema na nuvem constru\u00eddo com a finalidade de entregar servi\u00e7os para os dispositivos IoT de campo (edge) e para a nuvem.<\/p><p>Para os dispositivos de campo: c<span style=\"font-style: inherit; font-weight: inherit; background-color: var(--ast-global-color-4); color: var(--ast-global-color-3);\">onectividade, persist\u00eancia de dados, diagn\u00f3stico e seguran\u00e7a<\/span><\/p><p><span style=\"font-style: inherit; font-weight: inherit; background-color: var(--ast-global-color-4); color: var(--ast-global-color-3);\">Para a nuvem: armazenamento, transforma\u00e7\u00e3o, processamento, log e anal\u00edticos<\/span><\/p><p>Para qualquer arquitetura IoT\/IIoT se faz necess\u00e1rio o fornecimento de um IoT Hub robusto que suporte os processos de neg\u00f3cio da ind\u00fastria.<\/p><p><span style=\"background-color: var(--ast-global-color-4); color: var(--ast-global-color-3); font-style: inherit; font-weight: inherit;\">A Mezasoft oferece a solu\u00e7\u00e3o completa para constru\u00e7\u00e3o de seu hub de IoT\/IIoT:<\/span><\/p><ul><li>Oferta completa: desenho da arquitetura, implanta\u00e7\u00e3o, opera\u00e7\u00e3o e suporte<\/li><li>Arquitetura de solu\u00e7\u00f5es baseada em containers e microservi\u00e7os<\/li><li>Compet\u00eancias em edge computing, processos ind\u00fastriais e tecnologia cloud<\/li><li>Proximidade com os principais provedores do mercado (Microsoft, AWS)<\/li><\/ul>\t\t\t\t\t\t<\/div>\n\t\t\t\t<\/div>\n\t\t\t\t\t<\/div>\n\t\t<\/div>\n\t\t\t\t\t\t\t<\/div>\n\t\t<\/section>\n\t\t\t\t<section class=\"elementor-section elementor-top-section elementor-element elementor-element-71bb82d9 elementor-section-boxed elementor-section-height-default elementor-section-height-default\" data-id=\"71bb82d9\" data-element_type=\"section\">\n\t\t\t\t\t\t<div class=\"elementor-container elementor-column-gap-default\">\n\t\t\t\t\t<div class=\"elementor-column elementor-col-100 elementor-top-column elementor-element elementor-element-7bc95aa5\" data-id=\"7bc95aa5\" data-element_type=\"column\">\n\t\t\t<div class=\"elementor-widget-wrap elementor-element-populated\">\n\t\t\t\t\t\t\t\t<section class=\"elementor-section elementor-inner-section elementor-element elementor-element-2f1001e0 elementor-section-boxed elementor-section-height-default elementor-section-height-default\" data-id=\"2f1001e0\" data-element_type=\"section\">\n\t\t\t\t\t\t<div class=\"elementor-container elementor-column-gap-default\">\n\t\t\t\t\t<div class=\"elementor-column elementor-col-50 elementor-inner-column elementor-element elementor-element-476501a1\" data-id=\"476501a1\" data-element_type=\"column\">\n\t\t\t<div class=\"elementor-widget-wrap elementor-element-populated\">\n\t\t\t\t\t\t\t\t<div class=\"elementor-element elementor-element-41dfccb7 elementor-widget elementor-widget-image\" data-id=\"41dfccb7\" data-element_type=\"widget\" data-widget_type=\"image.default\">\n\t\t\t\t<div class=\"elementor-widget-container\">\n\t\t\t<style>\/*! elementor - v3.6.5 - 27-04-2022 *\/\n.elementor-widget-image{text-align:center}.elementor-widget-image a{display:inline-block}.elementor-widget-image a img[src$=\".svg\"]{width:48px}.elementor-widget-image img{vertical-align:middle;display:inline-block}<\/style>\t\t\t\t\t\t\t\t\t\t\t\t<img loading=\"lazy\" decoding=\"async\" width=\"300\" height=\"99\" src=\"https:\/\/mezasoft.com\/wp-content\/uploads\/2022\/06\/Microsoft-Azure-300x99.png\" class=\"attachment-medium size-medium\" alt=\"\" srcset=\"https:\/\/mezasoft.com\/wp-content\/uploads\/2022\/06\/Microsoft-Azure-300x99.png 300w, https:\/\/mezasoft.com\/wp-content\/uploads\/2022\/06\/Microsoft-Azure-768x253.png 768w, https:\/\/mezasoft.com\/wp-content\/uploads\/2022\/06\/Microsoft-Azure-e1654772614541.png 200w\" sizes=\"auto, (max-width: 300px) 100vw, 300px\" \/>\t\t\t\t\t\t\t\t\t\t\t\t\t\t\t<\/div>\n\t\t\t\t<\/div>\n\t\t\t\t\t<\/div>\n\t\t<\/div>\n\t\t\t\t<div class=\"elementor-column elementor-col-50 elementor-inner-column elementor-element elementor-element-3d6720b1\" data-id=\"3d6720b1\" data-element_type=\"column\">\n\t\t\t<div class=\"elementor-widget-wrap elementor-element-populated\">\n\t\t\t\t\t\t\t\t<div class=\"elementor-element elementor-element-716becba elementor-widget elementor-widget-image\" data-id=\"716becba\" data-element_type=\"widget\" data-widget_type=\"image.default\">\n\t\t\t\t<div class=\"elementor-widget-container\">\n\t\t\t\t\t\t\t\t\t\t\t\t\t\t\t<img loading=\"lazy\" decoding=\"async\" width=\"150\" height=\"150\" src=\"https:\/\/mezasoft.com\/wp-content\/uploads\/2022\/06\/aws-150x150.png\" class=\"attachment-thumbnail size-thumbnail\" alt=\"\" \/>\t\t\t\t\t\t\t\t\t\t\t\t\t\t\t<\/div>\n\t\t\t\t<\/div>\n\t\t\t\t\t<\/div>\n\t\t<\/div>\n\t\t\t\t\t\t\t<\/div>\n\t\t<\/section>\n\t\t\t\t<div class=\"elementor-element elementor-element-20ecb937 elementor-widget elementor-widget-text-editor\" data-id=\"20ecb937\" data-element_type=\"widget\" data-widget_type=\"text-editor.default\">\n\t\t\t\t<div class=\"elementor-widget-container\">\n\t\t\t\t\t\t\t<h4><a href=\"http:\/\/mezasoft.com\/contato\/\">Entre em contato e saiba como podemos ajudar.<\/a><\/h4>\t\t\t\t\t\t<\/div>\n\t\t\t\t<\/div>\n\t\t\t\t\t<\/div>\n\t\t<\/div>\n\t\t\t\t\t\t\t<\/div>\n\t\t<\/section>\n\t\t\t\t\t\t\t<\/div>\n\t\t","protected":false},"excerpt":{"rendered":"<p>IoT Hub Plataforma de integra\u00e7\u00e3o para sistemas IoT Um IoT Hub \u00e9 um sistema na nuvem constru\u00eddo com a finalidade de entregar servi\u00e7os para os dispositivos IoT de campo (edge) e para a nuvem. Para os dispositivos de campo: conectividade, persist\u00eancia de dados, diagn\u00f3stico e seguran\u00e7a Para a nuvem: armazenamento, transforma\u00e7\u00e3o, processamento, log e anal\u00edticos &hellip;<\/p>\n<p class=\"read-more\"> <a class=\"\" href=\"https:\/\/mezasoft.com\/?page_id=1357\"> <span class=\"screen-reader-text\">IoT Hub<\/span> Leia mais &raquo;<\/a><\/p>\n","protected":false},"author":1,"featured_media":0,"parent":0,"menu_order":0,"comment_status":"closed","ping_status":"closed","template":"","meta":{"site-sidebar-layout":"no-sidebar","site-content-layout":"page-builder","ast-global-header-display":"","ast-main-header-display":"","ast-hfb-above-header-display":"","ast-hfb-below-header-display":"","ast-hfb-mobile-header-display":"","site-post-title":"disabled","ast-breadcrumbs-content":"","ast-featured-img":"disabled","footer-sml-layout":"","theme-transparent-header-meta":"","adv-header-id-meta":"","stick-header-meta":"","header-above-stick-meta":"","header-main-stick-meta":"","header-below-stick-meta":"","footnotes":""},"class_list":["post-1357","page","type-page","status-publish","hentry"],"yoast_head":"<!-- This site is optimized with the Yoast SEO plugin v19.0 - https:\/\/yoast.com\/wordpress\/plugins\/seo\/ -->\n<title>IoT Hub - Mezasoft<\/title>\n<meta name=\"description\" content=\"Backbone em nuvem para conex\u00e3o, opera\u00e7\u00e3o e gerenciamento de dispositivos de internet das coisas (IoT\/IIoT).\" \/>\n<meta name=\"robots\" content=\"index, follow, max-snippet:-1, max-image-preview:large, max-video-preview:-1\" \/>\n<link rel=\"canonical\" href=\"http:\/\/mezasoft.com\/?page_id=1357\" \/>\n<meta property=\"og:locale\" content=\"pt_BR\" \/>\n<meta property=\"og:type\" content=\"article\" \/>\n<meta property=\"og:title\" content=\"IoT Hub - Mezasoft\" \/>\n<meta property=\"og:description\" content=\"Backbone em nuvem para conex\u00e3o, opera\u00e7\u00e3o e gerenciamento de dispositivos de internet das coisas (IoT\/IIoT).\" \/>\n<meta property=\"og:url\" content=\"http:\/\/mezasoft.com\/?page_id=1357\" \/>\n<meta property=\"og:site_name\" content=\"Mezasoft\" \/>\n<meta property=\"article:publisher\" content=\"https:\/\/pt-br.facebook.com\/MezasoftSoftware\/\" \/>\n<meta property=\"article:modified_time\" content=\"2022-06-13T18:49:42+00:00\" \/>\n<meta property=\"og:image\" content=\"http:\/\/mezasoft.com\/wp-content\/uploads\/2022\/06\/Microsoft-Azure-300x99.png\" \/>\n<meta name=\"twitter:card\" content=\"summary_large_image\" \/>\n<meta name=\"twitter:site\" content=\"@mezasoft\" \/>\n<meta name=\"twitter:label1\" content=\"Est. tempo de leitura\" \/>\n\t<meta name=\"twitter:data1\" content=\"2 minutos\" \/>\n<script type=\"application\/ld+json\" class=\"yoast-schema-graph\">{\"@context\":\"https:\/\/schema.org\",\"@graph\":[{\"@type\":\"Organization\",\"@id\":\"http:\/\/mezasoft.com\/#organization\",\"name\":\"Mezasoft\",\"url\":\"http:\/\/mezasoft.com\/\",\"sameAs\":[\"https:\/\/www.linkedin.com\/company\/mezasoft\",\"https:\/\/pt-br.facebook.com\/MezasoftSoftware\/\",\"https:\/\/twitter.com\/mezasoft\"],\"logo\":{\"@type\":\"ImageObject\",\"inLanguage\":\"pt-BR\",\"@id\":\"http:\/\/mezasoft.com\/#\/schema\/logo\/image\/\",\"url\":\"http:\/\/mezasoft.com\/wp-content\/uploads\/2022\/06\/cropped-mezasoft_logo_azul-claro.png\",\"contentUrl\":\"http:\/\/mezasoft.com\/wp-content\/uploads\/2022\/06\/cropped-mezasoft_logo_azul-claro.png\",\"width\":1200,\"height\":282,\"caption\":\"Mezasoft\"},\"image\":{\"@id\":\"http:\/\/mezasoft.com\/#\/schema\/logo\/image\/\"}},{\"@type\":\"WebSite\",\"@id\":\"http:\/\/mezasoft.com\/#website\",\"url\":\"http:\/\/mezasoft.com\/\",\"name\":\"Mezasoft\",\"description\":\"Ind\u00fastria 4.0 e IoT\",\"publisher\":{\"@id\":\"http:\/\/mezasoft.com\/#organization\"},\"potentialAction\":[{\"@type\":\"SearchAction\",\"target\":{\"@type\":\"EntryPoint\",\"urlTemplate\":\"http:\/\/mezasoft.com\/?s={search_term_string}\"},\"query-input\":\"required name=search_term_string\"}],\"inLanguage\":\"pt-BR\"},{\"@type\":\"ImageObject\",\"inLanguage\":\"pt-BR\",\"@id\":\"http:\/\/mezasoft.com\/?page_id=1357#primaryimage\",\"url\":\"http:\/\/mezasoft.com\/wp-content\/uploads\/2022\/06\/Microsoft-Azure-300x99.png\",\"contentUrl\":\"http:\/\/mezasoft.com\/wp-content\/uploads\/2022\/06\/Microsoft-Azure-300x99.png\"},{\"@type\":\"WebPage\",\"@id\":\"http:\/\/mezasoft.com\/?page_id=1357#webpage\",\"url\":\"http:\/\/mezasoft.com\/?page_id=1357\",\"name\":\"IoT Hub - Mezasoft\",\"isPartOf\":{\"@id\":\"http:\/\/mezasoft.com\/#website\"},\"primaryImageOfPage\":{\"@id\":\"http:\/\/mezasoft.com\/?page_id=1357#primaryimage\"},\"datePublished\":\"2022-06-13T13:36:14+00:00\",\"dateModified\":\"2022-06-13T18:49:42+00:00\",\"description\":\"Backbone em nuvem para conex\u00e3o, opera\u00e7\u00e3o e gerenciamento de dispositivos de internet das coisas (IoT\/IIoT).\",\"breadcrumb\":{\"@id\":\"http:\/\/mezasoft.com\/?page_id=1357#breadcrumb\"},\"inLanguage\":\"pt-BR\",\"potentialAction\":[{\"@type\":\"ReadAction\",\"target\":[\"http:\/\/mezasoft.com\/?page_id=1357\"]}]},{\"@type\":\"BreadcrumbList\",\"@id\":\"http:\/\/mezasoft.com\/?page_id=1357#breadcrumb\",\"itemListElement\":[{\"@type\":\"ListItem\",\"position\":1,\"name\":\"In\u00edcio\",\"item\":\"http:\/\/mezasoft.com\/\"},{\"@type\":\"ListItem\",\"position\":2,\"name\":\"IoT Hub\"}]}]}<\/script>\n<!-- \/ Yoast SEO plugin. -->","yoast_head_json":{"title":"IoT Hub - Mezasoft","description":"Backbone em nuvem para conex\u00e3o, opera\u00e7\u00e3o e gerenciamento de dispositivos de internet das coisas (IoT\/IIoT).","robots":{"index":"index","follow":"follow","max-snippet":"max-snippet:-1","max-image-preview":"max-image-preview:large","max-video-preview":"max-video-preview:-1"},"canonical":"http:\/\/mezasoft.com\/?page_id=1357","og_locale":"pt_BR","og_type":"article","og_title":"IoT Hub - Mezasoft","og_description":"Backbone em nuvem para conex\u00e3o, opera\u00e7\u00e3o e gerenciamento de dispositivos de internet das coisas (IoT\/IIoT).","og_url":"http:\/\/mezasoft.com\/?page_id=1357","og_site_name":"Mezasoft","article_publisher":"https:\/\/pt-br.facebook.com\/MezasoftSoftware\/","article_modified_time":"2022-06-13T18:49:42+00:00","og_image":[{"url":"http:\/\/mezasoft.com\/wp-content\/uploads\/2022\/06\/Microsoft-Azure-300x99.png"}],"twitter_card":"summary_large_image","twitter_site":"@mezasoft","twitter_misc":{"Est. tempo de leitura":"2 minutos"},"schema":{"@context":"https:\/\/schema.org","@graph":[{"@type":"Organization","@id":"http:\/\/mezasoft.com\/#organization","name":"Mezasoft","url":"http:\/\/mezasoft.com\/","sameAs":["https:\/\/www.linkedin.com\/company\/mezasoft","https:\/\/pt-br.facebook.com\/MezasoftSoftware\/","https:\/\/twitter.com\/mezasoft"],"logo":{"@type":"ImageObject","inLanguage":"pt-BR","@id":"http:\/\/mezasoft.com\/#\/schema\/logo\/image\/","url":"http:\/\/mezasoft.com\/wp-content\/uploads\/2022\/06\/cropped-mezasoft_logo_azul-claro.png","contentUrl":"http:\/\/mezasoft.com\/wp-content\/uploads\/2022\/06\/cropped-mezasoft_logo_azul-claro.png","width":1200,"height":282,"caption":"Mezasoft"},"image":{"@id":"http:\/\/mezasoft.com\/#\/schema\/logo\/image\/"}},{"@type":"WebSite","@id":"http:\/\/mezasoft.com\/#website","url":"http:\/\/mezasoft.com\/","name":"Mezasoft","description":"Ind\u00fastria 4.0 e IoT","publisher":{"@id":"http:\/\/mezasoft.com\/#organization"},"potentialAction":[{"@type":"SearchAction","target":{"@type":"EntryPoint","urlTemplate":"http:\/\/mezasoft.com\/?s={search_term_string}"},"query-input":"required name=search_term_string"}],"inLanguage":"pt-BR"},{"@type":"ImageObject","inLanguage":"pt-BR","@id":"http:\/\/mezasoft.com\/?page_id=1357#primaryimage","url":"http:\/\/mezasoft.com\/wp-content\/uploads\/2022\/06\/Microsoft-Azure-300x99.png","contentUrl":"http:\/\/mezasoft.com\/wp-content\/uploads\/2022\/06\/Microsoft-Azure-300x99.png"},{"@type":"WebPage","@id":"http:\/\/mezasoft.com\/?page_id=1357#webpage","url":"http:\/\/mezasoft.com\/?page_id=1357","name":"IoT Hub - Mezasoft","isPartOf":{"@id":"http:\/\/mezasoft.com\/#website"},"primaryImageOfPage":{"@id":"http:\/\/mezasoft.com\/?page_id=1357#primaryimage"},"datePublished":"2022-06-13T13:36:14+00:00","dateModified":"2022-06-13T18:49:42+00:00","description":"Backbone em nuvem para conex\u00e3o, opera\u00e7\u00e3o e gerenciamento de dispositivos de internet das coisas (IoT\/IIoT).","breadcrumb":{"@id":"http:\/\/mezasoft.com\/?page_id=1357#breadcrumb"},"inLanguage":"pt-BR","potentialAction":[{"@type":"ReadAction","target":["http:\/\/mezasoft.com\/?page_id=1357"]}]},{"@type":"BreadcrumbList","@id":"http:\/\/mezasoft.com\/?page_id=1357#breadcrumb","itemListElement":[{"@type":"ListItem","position":1,"name":"In\u00edcio","item":"http:\/\/mezasoft.com\/"},{"@type":"ListItem","position":2,"name":"IoT Hub"}]}]}},"_links":{"self":[{"href":"https:\/\/mezasoft.com\/index.php?rest_route=\/wp\/v2\/pages\/1357","targetHints":{"allow":["GET"]}}],"collection":[{"href":"https:\/\/mezasoft.com\/index.php?rest_route=\/wp\/v2\/pages"}],"about":[{"href":"https:\/\/mezasoft.com\/index.php?rest_route=\/wp\/v2\/types\/page"}],"author":[{"embeddable":true,"href":"https:\/\/mezasoft.com\/index.php?rest_route=\/wp\/v2\/users\/1"}],"replies":[{"embeddable":true,"href":"https:\/\/mezasoft.com\/index.php?rest_route=%2Fwp%2Fv2%2Fcomments&post=1357"}],"version-history":[{"count":5,"href":"https:\/\/mezasoft.com\/index.php?rest_route=\/wp\/v2\/pages\/1357\/revisions"}],"predecessor-version":[{"id":1487,"href":"https:\/\/mezasoft.com\/index.php?rest_route=\/wp\/v2\/pages\/1357\/revisions\/1487"}],"wp:attachment":[{"href":"https:\/\/mezasoft.com\/index.php?rest_route=%2Fwp%2Fv2%2Fmedia&parent=1357"}],"curies":[{"name":"wp","href":"https:\/\/api.w.org\/{rel}","templated":true}]}}