{"id":776,"date":"2021-07-20T10:33:18","date_gmt":"2021-07-20T13:33:18","guid":{"rendered":"http:\/\/mezasoft.com\/contact\/"},"modified":"2022-06-13T11:30:52","modified_gmt":"2022-06-13T14:30:52","slug":"contato","status":"publish","type":"page","link":"https:\/\/mezasoft.com\/?page_id=776","title":{"rendered":"Contato"},"content":{"rendered":"\t\t<div data-elementor-type=\"wp-page\" data-elementor-id=\"776\" class=\"elementor elementor-776\">\n\t\t\t\t\t\t\t\t\t<section class=\"elementor-section elementor-top-section elementor-element elementor-element-5a3dac1 elementor-section-boxed elementor-section-height-default elementor-section-height-default\" data-id=\"5a3dac1\" data-element_type=\"section\" data-settings=\"{&quot;background_background&quot;:&quot;gradient&quot;}\">\n\t\t\t\t\t\t<div class=\"elementor-container elementor-column-gap-no\">\n\t\t\t\t\t<div class=\"elementor-column elementor-col-100 elementor-top-column elementor-element elementor-element-76597b8\" data-id=\"76597b8\" data-element_type=\"column\">\n\t\t\t<div class=\"elementor-widget-wrap elementor-element-populated\">\n\t\t\t\t\t\t\t\t<section class=\"elementor-section elementor-inner-section elementor-element elementor-element-44a2c6d elementor-section-boxed elementor-section-height-default elementor-section-height-default\" data-id=\"44a2c6d\" data-element_type=\"section\">\n\t\t\t\t\t\t<div class=\"elementor-container elementor-column-gap-no\">\n\t\t\t\t\t<div class=\"elementor-column elementor-col-100 elementor-inner-column elementor-element elementor-element-bdf8d51\" data-id=\"bdf8d51\" data-element_type=\"column\">\n\t\t\t<div class=\"elementor-widget-wrap elementor-element-populated\">\n\t\t\t\t\t\t\t\t<div class=\"elementor-element elementor-element-97a54af elementor-widget elementor-widget-heading\" data-id=\"97a54af\" data-element_type=\"widget\" data-widget_type=\"heading.default\">\n\t\t\t\t<div class=\"elementor-widget-container\">\n\t\t\t<style>\/*! elementor - v3.6.5 - 27-04-2022 *\/\n.elementor-heading-title{padding:0;margin:0;line-height:1}.elementor-widget-heading .elementor-heading-title[class*=elementor-size-]>a{color:inherit;font-size:inherit;line-height:inherit}.elementor-widget-heading .elementor-heading-title.elementor-size-small{font-size:15px}.elementor-widget-heading .elementor-heading-title.elementor-size-medium{font-size:19px}.elementor-widget-heading .elementor-heading-title.elementor-size-large{font-size:29px}.elementor-widget-heading .elementor-heading-title.elementor-size-xl{font-size:39px}.elementor-widget-heading .elementor-heading-title.elementor-size-xxl{font-size:59px}<\/style><h1 class=\"elementor-heading-title elementor-size-default\">Contato<\/h1>\t\t<\/div>\n\t\t\t\t<\/div>\n\t\t\t\t<div class=\"elementor-element elementor-element-f3792f0 elementor-widget elementor-widget-text-editor\" data-id=\"f3792f0\" data-element_type=\"widget\" data-widget_type=\"text-editor.default\">\n\t\t\t\t<div class=\"elementor-widget-container\">\n\t\t\t<style>\/*! elementor - v3.6.5 - 27-04-2022 *\/\n.elementor-widget-text-editor.elementor-drop-cap-view-stacked .elementor-drop-cap{background-color:#818a91;color:#fff}.elementor-widget-text-editor.elementor-drop-cap-view-framed .elementor-drop-cap{color:#818a91;border:3px solid;background-color:transparent}.elementor-widget-text-editor:not(.elementor-drop-cap-view-default) .elementor-drop-cap{margin-top:8px}.elementor-widget-text-editor:not(.elementor-drop-cap-view-default) .elementor-drop-cap-letter{width:1em;height:1em}.elementor-widget-text-editor .elementor-drop-cap{float:left;text-align:center;line-height:1;font-size:50px}.elementor-widget-text-editor .elementor-drop-cap-letter{display:inline-block}<\/style>\t\t\t\t<p>Entre em contato. Deixe-nos conhecer e ajudar nos seus desafios de digitaliza\u00e7\u00e3o, IoT e Ind\u00fastria 4.0<\/p>\t\t\t\t\t\t<\/div>\n\t\t\t\t<\/div>\n\t\t\t\t\t<\/div>\n\t\t<\/div>\n\t\t\t\t\t\t\t<\/div>\n\t\t<\/section>\n\t\t\t\t<section class=\"elementor-section elementor-inner-section elementor-element elementor-element-40ea173 elementor-reverse-mobile elementor-section-boxed elementor-section-height-default elementor-section-height-default\" data-id=\"40ea173\" data-element_type=\"section\">\n\t\t\t\t\t\t<div class=\"elementor-container elementor-column-gap-no\">\n\t\t\t\t\t<div class=\"elementor-column elementor-col-100 elementor-inner-column elementor-element elementor-element-6ac2e9a\" data-id=\"6ac2e9a\" data-element_type=\"column\">\n\t\t\t<div class=\"elementor-widget-wrap elementor-element-populated\">\n\t\t\t\t\t\t\t\t<div class=\"elementor-element elementor-element-e7f6d04 elementor-widget elementor-widget-heading\" data-id=\"e7f6d04\" data-element_type=\"widget\" data-widget_type=\"heading.default\">\n\t\t\t\t<div class=\"elementor-widget-container\">\n\t\t\t<h3 class=\"elementor-heading-title elementor-size-default\">Envie aqui sua mensagem:<\/h3>\t\t<\/div>\n\t\t\t\t<\/div>\n\t\t\t\t\t<\/div>\n\t\t<\/div>\n\t\t\t\t\t\t\t<\/div>\n\t\t<\/section>\n\t\t\t\t<section class=\"elementor-section elementor-inner-section elementor-element elementor-element-37ed9eb elementor-reverse-mobile elementor-section-boxed elementor-section-height-default elementor-section-height-default\" data-id=\"37ed9eb\" data-element_type=\"section\">\n\t\t\t\t\t\t<div class=\"elementor-container elementor-column-gap-no\">\n\t\t\t\t\t<div class=\"elementor-column elementor-col-100 elementor-inner-column elementor-element elementor-element-34bdd1f\" data-id=\"34bdd1f\" data-element_type=\"column\">\n\t\t\t<div class=\"elementor-widget-wrap elementor-element-populated\">\n\t\t\t\t\t\t\t\t<div class=\"elementor-element elementor-element-5af274e elementor-widget elementor-widget-wpforms\" data-id=\"5af274e\" data-element_type=\"widget\" data-widget_type=\"wpforms.default\">\n\t\t\t\t<div class=\"elementor-widget-container\">\n\t\t\t<div class=\"wpforms-container \" id=\"wpforms-8\"><form id=\"wpforms-form-8\" class=\"wpforms-validate wpforms-form\" data-formid=\"8\" method=\"post\" enctype=\"multipart\/form-data\" action=\"\/index.php?rest_route=%2Fwp%2Fv2%2Fpages%2F776\" data-token=\"556cd9f6447797cec176ac4c7764f863\"><noscript class=\"wpforms-error-noscript\">Ative o JavaScript no seu navegador para preencher este formul\u00e1rio.<\/noscript><div class=\"wpforms-field-container\"><div id=\"wpforms-8-field_0-container\" class=\"wpforms-field wpforms-field-name\" data-field-id=\"0\"><label class=\"wpforms-field-label wpforms-label-hide\" for=\"wpforms-8-field_0\">Name <span class=\"wpforms-required-label\">*<\/span><\/label><div class=\"wpforms-field-row wpforms-field-large\"><div class=\"wpforms-field-row-block wpforms-first wpforms-one-half\"><input type=\"text\" id=\"wpforms-8-field_0\" class=\"wpforms-field-name-first wpforms-field-required\" name=\"wpforms[fields][0][first]\" placeholder=\"Nome\" required><label for=\"wpforms-8-field_0\" class=\"wpforms-field-sublabel after wpforms-sublabel-hide\">Nome<\/label><\/div><div class=\"wpforms-field-row-block wpforms-one-half\"><input type=\"text\" id=\"wpforms-8-field_0-last\" class=\"wpforms-field-name-last wpforms-field-required\" name=\"wpforms[fields][0][last]\" placeholder=\"Sobrenome\" required><label for=\"wpforms-8-field_0-last\" class=\"wpforms-field-sublabel after wpforms-sublabel-hide\">Sobrenome<\/label><\/div><\/div><\/div><div id=\"wpforms-8-field_1-container\" class=\"wpforms-field wpforms-field-email\" data-field-id=\"1\"><label class=\"wpforms-field-label wpforms-label-hide\" for=\"wpforms-8-field_1\">Email <span class=\"wpforms-required-label\">*<\/span><\/label><input type=\"email\" id=\"wpforms-8-field_1\" class=\"wpforms-field-large wpforms-field-required\" name=\"wpforms[fields][1]\" placeholder=\"Email corporativo\" required><\/div><div id=\"wpforms-8-field_2-container\" class=\"wpforms-field wpforms-field-textarea\" data-field-id=\"2\"><label class=\"wpforms-field-label wpforms-label-hide\" for=\"wpforms-8-field_2\">Message <span class=\"wpforms-required-label\">*<\/span><\/label><textarea id=\"wpforms-8-field_2\" class=\"wpforms-field-medium wpforms-field-required\" name=\"wpforms[fields][2]\" placeholder=\"Sua mensagem\" required><\/textarea><\/div><\/div><input type=\"hidden\" name=\"wpforms[recaptcha]\" value=\"\"><div class=\"wpforms-submit-container\"><input type=\"hidden\" name=\"wpforms[id]\" value=\"8\"><input type=\"hidden\" name=\"wpforms[author]\" value=\"1\"><button type=\"submit\" name=\"wpforms[submit]\" id=\"wpforms-submit-8\" class=\"wpforms-submit\" data-alt-text=\"Enviando...\" data-submit-text=\"Enviar\" aria-live=\"assertive\" value=\"wpforms-submit\">Enviar<\/button><\/div><\/form><\/div>  <!-- .wpforms-container -->\t\t<\/div>\n\t\t\t\t<\/div>\n\t\t\t\t\t<\/div>\n\t\t<\/div>\n\t\t\t\t\t\t\t<\/div>\n\t\t<\/section>\n\t\t\t\t<section class=\"elementor-section elementor-inner-section elementor-element elementor-element-68343e0 elementor-reverse-mobile elementor-section-boxed elementor-section-height-default elementor-section-height-default\" data-id=\"68343e0\" data-element_type=\"section\">\n\t\t\t\t\t\t<div class=\"elementor-container elementor-column-gap-no\">\n\t\t\t\t\t<div class=\"elementor-column elementor-col-100 elementor-inner-column elementor-element elementor-element-15497a6\" data-id=\"15497a6\" data-element_type=\"column\">\n\t\t\t<div class=\"elementor-widget-wrap elementor-element-populated\">\n\t\t\t\t\t\t\t\t<div class=\"elementor-element elementor-element-38e0d08 elementor-widget elementor-widget-heading\" data-id=\"38e0d08\" data-element_type=\"widget\" data-widget_type=\"heading.default\">\n\t\t\t\t<div class=\"elementor-widget-container\">\n\t\t\t<h3 class=\"elementor-heading-title elementor-size-default\">Endere\u00e7o<\/h3>\t\t<\/div>\n\t\t\t\t<\/div>\n\t\t\t\t\t<\/div>\n\t\t<\/div>\n\t\t\t\t\t\t\t<\/div>\n\t\t<\/section>\n\t\t\t\t<section class=\"elementor-section elementor-inner-section elementor-element elementor-element-84c96ae elementor-section-boxed elementor-section-height-default elementor-section-height-default\" data-id=\"84c96ae\" data-element_type=\"section\">\n\t\t\t\t\t\t<div class=\"elementor-container elementor-column-gap-default\">\n\t\t\t\t\t<div class=\"elementor-column elementor-col-100 elementor-inner-column elementor-element elementor-element-4bea928\" data-id=\"4bea928\" data-element_type=\"column\">\n\t\t\t<div class=\"elementor-widget-wrap elementor-element-populated\">\n\t\t\t\t\t\t\t\t<div class=\"elementor-element elementor-element-89057df elementor-widget elementor-widget-text-editor\" data-id=\"89057df\" data-element_type=\"widget\" data-widget_type=\"text-editor.default\">\n\t\t\t\t<div class=\"elementor-widget-container\">\n\t\t\t\t\t\t\t<p style=\"text-align: center;\">Av. Presidente Vargas, 3131<br \/>6\u00ba andar<br \/>Cidade Nova<br \/>Rio de Janeiro \u2013 RJ<br \/>20210-030<\/p><p style=\"text-align: center;\">Brasil<\/p><p>\u00a0<\/p><p style=\"text-align: center;\">E-mail: <strong>info@mezasoft.com<\/strong><\/p><p>\u00a0<\/p>\t\t\t\t\t\t<\/div>\n\t\t\t\t<\/div>\n\t\t\t\t\t<\/div>\n\t\t<\/div>\n\t\t\t\t\t\t\t<\/div>\n\t\t<\/section>\n\t\t\t\t<section class=\"elementor-section elementor-inner-section elementor-element elementor-element-9c1b79e elementor-reverse-mobile elementor-section-boxed elementor-section-height-default elementor-section-height-default\" data-id=\"9c1b79e\" data-element_type=\"section\">\n\t\t\t\t\t\t<div class=\"elementor-container elementor-column-gap-no\">\n\t\t\t\t\t<div class=\"elementor-column elementor-col-100 elementor-inner-column elementor-element elementor-element-65d79f6\" data-id=\"65d79f6\" data-element_type=\"column\">\n\t\t\t<div class=\"elementor-widget-wrap\">\n\t\t\t\t\t\t\t\t\t<\/div>\n\t\t<\/div>\n\t\t\t\t\t\t\t<\/div>\n\t\t<\/section>\n\t\t\t\t\t<\/div>\n\t\t<\/div>\n\t\t\t\t\t\t\t<\/div>\n\t\t<\/section>\n\t\t\t\t\t\t\t<\/div>\n\t\t","protected":false},"excerpt":{"rendered":"<p>Contato Entre em contato. Deixe-nos conhecer e ajudar nos seus desafios de digitaliza\u00e7\u00e3o, IoT e Ind\u00fastria 4.0 Envie aqui sua mensagem: Endere\u00e7o Av. Presidente Vargas, 31316\u00ba andarCidade NovaRio de Janeiro \u2013 RJ20210-030 Brasil \u00a0 E-mail: info@mezasoft.com \u00a0<\/p>\n","protected":false},"author":1,"featured_media":0,"parent":0,"menu_order":0,"comment_status":"closed","ping_status":"closed","template":"","meta":{"site-sidebar-layout":"no-sidebar","site-content-layout":"page-builder","ast-global-header-display":"","ast-main-header-display":"","ast-hfb-above-header-display":"","ast-hfb-below-header-display":"","ast-hfb-mobile-header-display":"","site-post-title":"disabled","ast-breadcrumbs-content":"disabled","ast-featured-img":"disabled","footer-sml-layout":"","theme-transparent-header-meta":"default","adv-header-id-meta":"","stick-header-meta":"","header-above-stick-meta":"","header-main-stick-meta":"","header-below-stick-meta":"","footnotes":""},"class_list":["post-776","page","type-page","status-publish","hentry"],"yoast_head":"<!-- This site is optimized with the Yoast SEO plugin v19.0 - https:\/\/yoast.com\/wordpress\/plugins\/seo\/ -->\n<title>Contato - Mezasoft<\/title>\n<meta name=\"robots\" content=\"index, follow, max-snippet:-1, max-image-preview:large, max-video-preview:-1\" \/>\n<link rel=\"canonical\" href=\"http:\/\/mezasoft.com\/?page_id=776\" \/>\n<meta property=\"og:locale\" content=\"pt_BR\" \/>\n<meta property=\"og:type\" content=\"article\" \/>\n<meta property=\"og:title\" content=\"Contato - Mezasoft\" \/>\n<meta property=\"og:description\" content=\"Contato Entre em contato. Deixe-nos conhecer e ajudar nos seus desafios de digitaliza\u00e7\u00e3o, IoT e Ind\u00fastria 4.0 Envie aqui sua mensagem: Endere\u00e7o Av. Presidente Vargas, 31316\u00ba andarCidade NovaRio de Janeiro \u2013 RJ20210-030 Brasil \u00a0 E-mail: info@mezasoft.com \u00a0\" \/>\n<meta property=\"og:url\" content=\"http:\/\/mezasoft.com\/?page_id=776\" \/>\n<meta property=\"og:site_name\" content=\"Mezasoft\" \/>\n<meta property=\"article:publisher\" content=\"https:\/\/pt-br.facebook.com\/MezasoftSoftware\/\" \/>\n<meta property=\"article:modified_time\" content=\"2022-06-13T14:30:52+00:00\" \/>\n<meta name=\"twitter:card\" content=\"summary_large_image\" \/>\n<meta name=\"twitter:site\" content=\"@mezasoft\" \/>\n<meta name=\"twitter:label1\" content=\"Est. tempo de leitura\" \/>\n\t<meta name=\"twitter:data1\" content=\"1 minuto\" \/>\n<script type=\"application\/ld+json\" class=\"yoast-schema-graph\">{\"@context\":\"https:\/\/schema.org\",\"@graph\":[{\"@type\":\"Organization\",\"@id\":\"http:\/\/mezasoft.com\/#organization\",\"name\":\"Mezasoft\",\"url\":\"http:\/\/mezasoft.com\/\",\"sameAs\":[\"https:\/\/www.linkedin.com\/company\/mezasoft\",\"https:\/\/pt-br.facebook.com\/MezasoftSoftware\/\",\"https:\/\/twitter.com\/mezasoft\"],\"logo\":{\"@type\":\"ImageObject\",\"inLanguage\":\"pt-BR\",\"@id\":\"http:\/\/mezasoft.com\/#\/schema\/logo\/image\/\",\"url\":\"http:\/\/mezasoft.com\/wp-content\/uploads\/2022\/06\/cropped-mezasoft_logo_azul-claro.png\",\"contentUrl\":\"http:\/\/mezasoft.com\/wp-content\/uploads\/2022\/06\/cropped-mezasoft_logo_azul-claro.png\",\"width\":1200,\"height\":282,\"caption\":\"Mezasoft\"},\"image\":{\"@id\":\"http:\/\/mezasoft.com\/#\/schema\/logo\/image\/\"}},{\"@type\":\"WebSite\",\"@id\":\"http:\/\/mezasoft.com\/#website\",\"url\":\"http:\/\/mezasoft.com\/\",\"name\":\"Mezasoft\",\"description\":\"Ind\u00fastria 4.0 e IoT\",\"publisher\":{\"@id\":\"http:\/\/mezasoft.com\/#organization\"},\"potentialAction\":[{\"@type\":\"SearchAction\",\"target\":{\"@type\":\"EntryPoint\",\"urlTemplate\":\"http:\/\/mezasoft.com\/?s={search_term_string}\"},\"query-input\":\"required name=search_term_string\"}],\"inLanguage\":\"pt-BR\"},{\"@type\":\"WebPage\",\"@id\":\"http:\/\/mezasoft.com\/?page_id=776#webpage\",\"url\":\"http:\/\/mezasoft.com\/?page_id=776\",\"name\":\"Contato - Mezasoft\",\"isPartOf\":{\"@id\":\"http:\/\/mezasoft.com\/#website\"},\"datePublished\":\"2021-07-20T13:33:18+00:00\",\"dateModified\":\"2022-06-13T14:30:52+00:00\",\"breadcrumb\":{\"@id\":\"http:\/\/mezasoft.com\/?page_id=776#breadcrumb\"},\"inLanguage\":\"pt-BR\",\"potentialAction\":[{\"@type\":\"ReadAction\",\"target\":[\"http:\/\/mezasoft.com\/?page_id=776\"]}]},{\"@type\":\"BreadcrumbList\",\"@id\":\"http:\/\/mezasoft.com\/?page_id=776#breadcrumb\",\"itemListElement\":[{\"@type\":\"ListItem\",\"position\":1,\"name\":\"In\u00edcio\",\"item\":\"http:\/\/mezasoft.com\/\"},{\"@type\":\"ListItem\",\"position\":2,\"name\":\"Contato\"}]}]}<\/script>\n<!-- \/ Yoast SEO plugin. -->","yoast_head_json":{"title":"Contato - Mezasoft","robots":{"index":"index","follow":"follow","max-snippet":"max-snippet:-1","max-image-preview":"max-image-preview:large","max-video-preview":"max-video-preview:-1"},"canonical":"http:\/\/mezasoft.com\/?page_id=776","og_locale":"pt_BR","og_type":"article","og_title":"Contato - Mezasoft","og_description":"Contato Entre em contato. Deixe-nos conhecer e ajudar nos seus desafios de digitaliza\u00e7\u00e3o, IoT e Ind\u00fastria 4.0 Envie aqui sua mensagem: Endere\u00e7o Av. Presidente Vargas, 31316\u00ba andarCidade NovaRio de Janeiro \u2013 RJ20210-030 Brasil \u00a0 E-mail: info@mezasoft.com \u00a0","og_url":"http:\/\/mezasoft.com\/?page_id=776","og_site_name":"Mezasoft","article_publisher":"https:\/\/pt-br.facebook.com\/MezasoftSoftware\/","article_modified_time":"2022-06-13T14:30:52+00:00","twitter_card":"summary_large_image","twitter_site":"@mezasoft","twitter_misc":{"Est. tempo de leitura":"1 minuto"},"schema":{"@context":"https:\/\/schema.org","@graph":[{"@type":"Organization","@id":"http:\/\/mezasoft.com\/#organization","name":"Mezasoft","url":"http:\/\/mezasoft.com\/","sameAs":["https:\/\/www.linkedin.com\/company\/mezasoft","https:\/\/pt-br.facebook.com\/MezasoftSoftware\/","https:\/\/twitter.com\/mezasoft"],"logo":{"@type":"ImageObject","inLanguage":"pt-BR","@id":"http:\/\/mezasoft.com\/#\/schema\/logo\/image\/","url":"http:\/\/mezasoft.com\/wp-content\/uploads\/2022\/06\/cropped-mezasoft_logo_azul-claro.png","contentUrl":"http:\/\/mezasoft.com\/wp-content\/uploads\/2022\/06\/cropped-mezasoft_logo_azul-claro.png","width":1200,"height":282,"caption":"Mezasoft"},"image":{"@id":"http:\/\/mezasoft.com\/#\/schema\/logo\/image\/"}},{"@type":"WebSite","@id":"http:\/\/mezasoft.com\/#website","url":"http:\/\/mezasoft.com\/","name":"Mezasoft","description":"Ind\u00fastria 4.0 e IoT","publisher":{"@id":"http:\/\/mezasoft.com\/#organization"},"potentialAction":[{"@type":"SearchAction","target":{"@type":"EntryPoint","urlTemplate":"http:\/\/mezasoft.com\/?s={search_term_string}"},"query-input":"required name=search_term_string"}],"inLanguage":"pt-BR"},{"@type":"WebPage","@id":"http:\/\/mezasoft.com\/?page_id=776#webpage","url":"http:\/\/mezasoft.com\/?page_id=776","name":"Contato - Mezasoft","isPartOf":{"@id":"http:\/\/mezasoft.com\/#website"},"datePublished":"2021-07-20T13:33:18+00:00","dateModified":"2022-06-13T14:30:52+00:00","breadcrumb":{"@id":"http:\/\/mezasoft.com\/?page_id=776#breadcrumb"},"inLanguage":"pt-BR","potentialAction":[{"@type":"ReadAction","target":["http:\/\/mezasoft.com\/?page_id=776"]}]},{"@type":"BreadcrumbList","@id":"http:\/\/mezasoft.com\/?page_id=776#breadcrumb","itemListElement":[{"@type":"ListItem","position":1,"name":"In\u00edcio","item":"http:\/\/mezasoft.com\/"},{"@type":"ListItem","position":2,"name":"Contato"}]}]}},"_links":{"self":[{"href":"https:\/\/mezasoft.com\/index.php?rest_route=\/wp\/v2\/pages\/776","targetHints":{"allow":["GET"]}}],"collection":[{"href":"https:\/\/mezasoft.com\/index.php?rest_route=\/wp\/v2\/pages"}],"about":[{"href":"https:\/\/mezasoft.com\/index.php?rest_route=\/wp\/v2\/types\/page"}],"author":[{"embeddable":true,"href":"https:\/\/mezasoft.com\/index.php?rest_route=\/wp\/v2\/users\/1"}],"replies":[{"embeddable":true,"href":"https:\/\/mezasoft.com\/index.php?rest_route=%2Fwp%2Fv2%2Fcomments&post=776"}],"version-history":[{"count":16,"href":"https:\/\/mezasoft.com\/index.php?rest_route=\/wp\/v2\/pages\/776\/revisions"}],"predecessor-version":[{"id":1402,"href":"https:\/\/mezasoft.com\/index.php?rest_route=\/wp\/v2\/pages\/776\/revisions\/1402"}],"wp:attachment":[{"href":"https:\/\/mezasoft.com\/index.php?rest_route=%2Fwp%2Fv2%2Fmedia&parent=776"}],"curies":[{"name":"wp","href":"https:\/\/api.w.org\/{rel}","templated":true}]}}