{"id":798,"date":"2021-07-20T10:32:58","date_gmt":"2021-07-20T13:32:58","guid":{"rendered":"http:\/\/mezasoft.com\/about-2\/"},"modified":"2022-06-13T15:54:30","modified_gmt":"2022-06-13T18:54:30","slug":"a-empresa","status":"publish","type":"page","link":"https:\/\/mezasoft.com\/?page_id=798","title":{"rendered":"A empresa"},"content":{"rendered":"\t\t<div data-elementor-type=\"wp-page\" data-elementor-id=\"798\" class=\"elementor elementor-798\">\n\t\t\t\t\t\t\t\t\t<section class=\"elementor-section elementor-top-section elementor-element elementor-element-f91d843 elementor-section-boxed elementor-section-height-default elementor-section-height-default\" data-id=\"f91d843\" data-element_type=\"section\">\n\t\t\t\t\t\t<div class=\"elementor-container elementor-column-gap-no\">\n\t\t\t\t\t<div class=\"elementor-column elementor-col-66 elementor-top-column elementor-element elementor-element-ae2bbdb\" data-id=\"ae2bbdb\" data-element_type=\"column\">\n\t\t\t<div class=\"elementor-widget-wrap elementor-element-populated\">\n\t\t\t\t\t\t\t\t<div class=\"elementor-element elementor-element-6828115 elementor-widget elementor-widget-heading\" data-id=\"6828115\" data-element_type=\"widget\" data-widget_type=\"heading.default\">\n\t\t\t\t<div class=\"elementor-widget-container\">\n\t\t\t<style>\/*! elementor - v3.6.5 - 27-04-2022 *\/\n.elementor-heading-title{padding:0;margin:0;line-height:1}.elementor-widget-heading .elementor-heading-title[class*=elementor-size-]>a{color:inherit;font-size:inherit;line-height:inherit}.elementor-widget-heading .elementor-heading-title.elementor-size-small{font-size:15px}.elementor-widget-heading .elementor-heading-title.elementor-size-medium{font-size:19px}.elementor-widget-heading .elementor-heading-title.elementor-size-large{font-size:29px}.elementor-widget-heading .elementor-heading-title.elementor-size-xl{font-size:39px}.elementor-widget-heading .elementor-heading-title.elementor-size-xxl{font-size:59px}<\/style><h6 class=\"elementor-heading-title elementor-size-default\">SOBRE A MEZASOFT<\/h6>\t\t<\/div>\n\t\t\t\t<\/div>\n\t\t\t\t<div class=\"elementor-element elementor-element-bebd7bc elementor-widget elementor-widget-heading\" data-id=\"bebd7bc\" data-element_type=\"widget\" data-widget_type=\"heading.default\">\n\t\t\t\t<div class=\"elementor-widget-container\">\n\t\t\t<h1 class=\"elementor-heading-title elementor-size-default\">Aceleramos os processos de ado\u00e7\u00e3o de Ind\u00fastria 4.0 e IoT\/IIoT<\/h1>\t\t<\/div>\n\t\t\t\t<\/div>\n\t\t\t\t<div class=\"elementor-element elementor-element-5f8d4de elementor-widget elementor-widget-heading\" data-id=\"5f8d4de\" data-element_type=\"widget\" data-widget_type=\"heading.default\">\n\t\t\t\t<div class=\"elementor-widget-container\">\n\t\t\t<h4 class=\"elementor-heading-title elementor-size-default\">Nossa miss\u00e3o<\/h4>\t\t<\/div>\n\t\t\t\t<\/div>\n\t\t\t\t<div class=\"elementor-element elementor-element-c7e9a5b elementor-widget elementor-widget-text-editor\" data-id=\"c7e9a5b\" data-element_type=\"widget\" data-widget_type=\"text-editor.default\">\n\t\t\t\t<div class=\"elementor-widget-container\">\n\t\t\t<style>\/*! elementor - v3.6.5 - 27-04-2022 *\/\n.elementor-widget-text-editor.elementor-drop-cap-view-stacked .elementor-drop-cap{background-color:#818a91;color:#fff}.elementor-widget-text-editor.elementor-drop-cap-view-framed .elementor-drop-cap{color:#818a91;border:3px solid;background-color:transparent}.elementor-widget-text-editor:not(.elementor-drop-cap-view-default) .elementor-drop-cap{margin-top:8px}.elementor-widget-text-editor:not(.elementor-drop-cap-view-default) .elementor-drop-cap-letter{width:1em;height:1em}.elementor-widget-text-editor .elementor-drop-cap{float:left;text-align:center;line-height:1;font-size:50px}.elementor-widget-text-editor .elementor-drop-cap-letter{display:inline-block}<\/style>\t\t\t\t<p>Entregar a transforma\u00e7\u00e3o digital e acelerar a efici\u00eancia de processos produtivos industriais.<\/p>\t\t\t\t\t\t<\/div>\n\t\t\t\t<\/div>\n\t\t\t\t<div class=\"elementor-element elementor-element-8de91b4 elementor-widget elementor-widget-heading\" data-id=\"8de91b4\" data-element_type=\"widget\" data-widget_type=\"heading.default\">\n\t\t\t\t<div class=\"elementor-widget-container\">\n\t\t\t<h4 class=\"elementor-heading-title elementor-size-default\">Fazer diferente para fazer melhor<\/h4>\t\t<\/div>\n\t\t\t\t<\/div>\n\t\t\t\t<div class=\"elementor-element elementor-element-1ee2853 elementor-widget elementor-widget-text-editor\" data-id=\"1ee2853\" data-element_type=\"widget\" data-widget_type=\"text-editor.default\">\n\t\t\t\t<div class=\"elementor-widget-container\">\n\t\t\t\t\t\t\t<p>A transforma\u00e7\u00e3o da ind\u00fastria se dar\u00e1 atrav\u00e9s do uso intensivo da tecnologia, do desenvolvimento humano e do pensamento disruptivo. Focamos na entrega destes elementos para criar vantagens verdadeiramente competitivas a nossos clientes.<\/p>\t\t\t\t\t\t<\/div>\n\t\t\t\t<\/div>\n\t\t\t\t<div class=\"elementor-element elementor-element-6a69715 elementor-widget elementor-widget-heading\" data-id=\"6a69715\" data-element_type=\"widget\" data-widget_type=\"heading.default\">\n\t\t\t\t<div class=\"elementor-widget-container\">\n\t\t\t<h4 class=\"elementor-heading-title elementor-size-default\">Por que somos diferentes?<\/h4>\t\t<\/div>\n\t\t\t\t<\/div>\n\t\t\t\t<div class=\"elementor-element elementor-element-9b09538 elementor-widget elementor-widget-text-editor\" data-id=\"9b09538\" data-element_type=\"widget\" data-widget_type=\"text-editor.default\">\n\t\t\t\t<div class=\"elementor-widget-container\">\n\t\t\t\t\t\t\t<ul><li>Temos muitos anos de experi\u00eancia em variados tipos de ind\u00fastria.<\/li><li><i class=\"icon-check themecolor\"><\/i>Conhecemos profundamente arquiteturas modernas de software e seu poder de transforma\u00e7\u00e3o.<\/li><li><i class=\"icon-check themecolor\"><\/i>Somos parte da Ind\u00fastria 4.0 desde o seu lan\u00e7amento, temos grande conhecimento t\u00e9cnico e de processos para sua implementa\u00e7\u00e3o.<\/li><li><i class=\"icon-check themecolor\"><\/i>Possu\u00edmos metodologia eficaz para acelerar o processo de ado\u00e7\u00e3o da digitaliza\u00e7\u00e3o.<\/li><li><i class=\"icon-check themecolor\"><\/i>Somos parceiros no sucesso do cliente, andando de m\u00e3os dadas em todas as fases de sua transforma\u00e7\u00e3o digital.<\/li><\/ul>\t\t\t\t\t\t<\/div>\n\t\t\t\t<\/div>\n\t\t\t\t\t<\/div>\n\t\t<\/div>\n\t\t\t\t<div class=\"elementor-column elementor-col-33 elementor-top-column elementor-element elementor-element-47b3f62\" data-id=\"47b3f62\" data-element_type=\"column\">\n\t\t\t<div class=\"elementor-widget-wrap elementor-element-populated\">\n\t\t\t\t\t\t\t\t<div class=\"elementor-element elementor-element-501909c elementor-widget elementor-widget-image\" data-id=\"501909c\" data-element_type=\"widget\" data-widget_type=\"image.default\">\n\t\t\t\t<div class=\"elementor-widget-container\">\n\t\t\t<style>\/*! elementor - v3.6.5 - 27-04-2022 *\/\n.elementor-widget-image{text-align:center}.elementor-widget-image a{display:inline-block}.elementor-widget-image a img[src$=\".svg\"]{width:48px}.elementor-widget-image img{vertical-align:middle;display:inline-block}<\/style>\t\t\t\t\t\t\t\t\t\t\t\t\t<a href=\"#\">\n\t\t\t\t\t\t\t<img loading=\"lazy\" decoding=\"async\" width=\"568\" height=\"413\" src=\"https:\/\/mezasoft.com\/wp-content\/uploads\/2022\/06\/since2012.png\" class=\"attachment-full size-full\" alt=\"\" srcset=\"https:\/\/mezasoft.com\/wp-content\/uploads\/2022\/06\/since2012.png 568w, https:\/\/mezasoft.com\/wp-content\/uploads\/2022\/06\/since2012-300x218.png 300w\" sizes=\"auto, (max-width: 568px) 100vw, 568px\" \/>\t\t\t\t\t\t\t\t<\/a>\n\t\t\t\t\t\t\t\t\t\t\t\t\t\t\t<\/div>\n\t\t\t\t<\/div>\n\t\t\t\t<div class=\"elementor-element elementor-element-ffaa868 elementor-widget elementor-widget-heading\" data-id=\"ffaa868\" data-element_type=\"widget\" data-widget_type=\"heading.default\">\n\t\t\t\t<div class=\"elementor-widget-container\">\n\t\t\t<h4 class=\"elementor-heading-title elementor-size-default\">H\u00e1 10 anos a Mezasoft ajuda seus clientes em solu\u00e7\u00f5es de IoT, IIoT e Ind\u00fastria 4.0.<\/h4>\t\t<\/div>\n\t\t\t\t<\/div>\n\t\t\t\t\t<\/div>\n\t\t<\/div>\n\t\t\t\t\t\t\t<\/div>\n\t\t<\/section>\n\t\t\t\t<section class=\"elementor-section elementor-top-section elementor-element elementor-element-f160ac1 elementor-section-boxed elementor-section-height-default elementor-section-height-default\" data-id=\"f160ac1\" data-element_type=\"section\">\n\t\t\t\t\t\t<div class=\"elementor-container elementor-column-gap-default\">\n\t\t\t\t\t<div class=\"elementor-column elementor-col-25 elementor-top-column elementor-element elementor-element-a3962d7\" data-id=\"a3962d7\" data-element_type=\"column\">\n\t\t\t<div class=\"elementor-widget-wrap elementor-element-populated\">\n\t\t\t\t\t\t\t\t<div class=\"elementor-element elementor-element-993e550 elementor-widget elementor-widget-image\" data-id=\"993e550\" data-element_type=\"widget\" data-widget_type=\"image.default\">\n\t\t\t\t<div class=\"elementor-widget-container\">\n\t\t\t\t\t\t\t\t\t\t\t\t\t\t\t<img loading=\"lazy\" decoding=\"async\" width=\"199\" height=\"222\" src=\"https:\/\/mezasoft.com\/wp-content\/uploads\/2022\/06\/nossos_valores_sucesso.png\" class=\"attachment-large size-large\" alt=\"\" \/>\t\t\t\t\t\t\t\t\t\t\t\t\t\t\t<\/div>\n\t\t\t\t<\/div>\n\t\t\t\t<div class=\"elementor-element elementor-element-1e47810 elementor-widget elementor-widget-text-editor\" data-id=\"1e47810\" data-element_type=\"widget\" data-widget_type=\"text-editor.default\">\n\t\t\t\t<div class=\"elementor-widget-container\">\n\t\t\t\t\t\t\t<p style=\"text-align: center;\">Nosso sucesso \u00e9 o\u00a0<strong>sucesso de nosso cliente<\/strong><\/p>\t\t\t\t\t\t<\/div>\n\t\t\t\t<\/div>\n\t\t\t\t\t<\/div>\n\t\t<\/div>\n\t\t\t\t<div class=\"elementor-column elementor-col-25 elementor-top-column elementor-element elementor-element-8162589\" data-id=\"8162589\" data-element_type=\"column\">\n\t\t\t<div class=\"elementor-widget-wrap elementor-element-populated\">\n\t\t\t\t\t\t\t\t<div class=\"elementor-element elementor-element-bb6d8c5 elementor-widget elementor-widget-image\" data-id=\"bb6d8c5\" data-element_type=\"widget\" data-widget_type=\"image.default\">\n\t\t\t\t<div class=\"elementor-widget-container\">\n\t\t\t\t\t\t\t\t\t\t\t\t\t\t\t<img loading=\"lazy\" decoding=\"async\" width=\"199\" height=\"222\" src=\"https:\/\/mezasoft.com\/wp-content\/uploads\/2022\/06\/nossos_valores_tecnologia.png\" class=\"attachment-large size-large\" alt=\"\" \/>\t\t\t\t\t\t\t\t\t\t\t\t\t\t\t<\/div>\n\t\t\t\t<\/div>\n\t\t\t\t<div class=\"elementor-element elementor-element-3b3c920 elementor-widget elementor-widget-text-editor\" data-id=\"3b3c920\" data-element_type=\"widget\" data-widget_type=\"text-editor.default\">\n\t\t\t\t<div class=\"elementor-widget-container\">\n\t\t\t\t\t\t\t<p style=\"text-align: center;\">Somos apaixonados\u00a0por <strong>tecnologia<\/strong> e <strong>inova\u00e7\u00e3o<\/strong><\/p>\t\t\t\t\t\t<\/div>\n\t\t\t\t<\/div>\n\t\t\t\t\t<\/div>\n\t\t<\/div>\n\t\t\t\t<div class=\"elementor-column elementor-col-25 elementor-top-column elementor-element elementor-element-510a91f\" data-id=\"510a91f\" data-element_type=\"column\">\n\t\t\t<div class=\"elementor-widget-wrap elementor-element-populated\">\n\t\t\t\t\t\t\t\t<div class=\"elementor-element elementor-element-25cca29 elementor-widget elementor-widget-image\" data-id=\"25cca29\" data-element_type=\"widget\" data-widget_type=\"image.default\">\n\t\t\t\t<div class=\"elementor-widget-container\">\n\t\t\t\t\t\t\t\t\t\t\t\t\t\t\t<img loading=\"lazy\" decoding=\"async\" width=\"199\" height=\"222\" src=\"https:\/\/mezasoft.com\/wp-content\/uploads\/2022\/06\/nossos_valores_pessoas.png\" class=\"attachment-large size-large\" alt=\"\" \/>\t\t\t\t\t\t\t\t\t\t\t\t\t\t\t<\/div>\n\t\t\t\t<\/div>\n\t\t\t\t<div class=\"elementor-element elementor-element-dc86715 elementor-widget elementor-widget-text-editor\" data-id=\"dc86715\" data-element_type=\"widget\" data-widget_type=\"text-editor.default\">\n\t\t\t\t<div class=\"elementor-widget-container\">\n\t\t\t\t\t\t\t<p style=\"text-align: center;\"><strong>O ser humano<\/strong>\u00a0\u00e9 o elemento central de tudo o que fazemos<\/p>\t\t\t\t\t\t<\/div>\n\t\t\t\t<\/div>\n\t\t\t\t\t<\/div>\n\t\t<\/div>\n\t\t\t\t<div class=\"elementor-column elementor-col-25 elementor-top-column elementor-element elementor-element-e8f5369\" data-id=\"e8f5369\" data-element_type=\"column\">\n\t\t\t<div class=\"elementor-widget-wrap elementor-element-populated\">\n\t\t\t\t\t\t\t\t<div class=\"elementor-element elementor-element-400159a elementor-widget elementor-widget-image\" data-id=\"400159a\" data-element_type=\"widget\" data-widget_type=\"image.default\">\n\t\t\t\t<div class=\"elementor-widget-container\">\n\t\t\t\t\t\t\t\t\t\t\t\t\t\t\t<img loading=\"lazy\" decoding=\"async\" width=\"199\" height=\"222\" src=\"https:\/\/mezasoft.com\/wp-content\/uploads\/2022\/06\/nossos_valores_resposabilidade.png\" class=\"attachment-large size-large\" alt=\"\" \/>\t\t\t\t\t\t\t\t\t\t\t\t\t\t\t<\/div>\n\t\t\t\t<\/div>\n\t\t\t\t<div class=\"elementor-element elementor-element-90366e7 elementor-widget elementor-widget-text-editor\" data-id=\"90366e7\" data-element_type=\"widget\" data-widget_type=\"text-editor.default\">\n\t\t\t\t<div class=\"elementor-widget-container\">\n\t\t\t\t\t\t\t<p style=\"text-align: center;\">Somos parte de um todo com<strong>\u00a0responsabilidade social e ambiental<\/strong><\/p>\t\t\t\t\t\t<\/div>\n\t\t\t\t<\/div>\n\t\t\t\t\t<\/div>\n\t\t<\/div>\n\t\t\t\t\t\t\t<\/div>\n\t\t<\/section>\n\t\t\t\t<section class=\"elementor-section elementor-top-section elementor-element elementor-element-1dadacb elementor-section-boxed elementor-section-height-default elementor-section-height-default\" data-id=\"1dadacb\" data-element_type=\"section\" data-settings=\"{&quot;background_background&quot;:&quot;classic&quot;}\">\n\t\t\t\t\t\t<div class=\"elementor-container elementor-column-gap-no\">\n\t\t\t\t\t<div class=\"elementor-column elementor-col-100 elementor-top-column elementor-element elementor-element-7aa7496\" data-id=\"7aa7496\" data-element_type=\"column\">\n\t\t\t<div class=\"elementor-widget-wrap elementor-element-populated\">\n\t\t\t\t\t\t\t\t<div class=\"elementor-element elementor-element-0ab2833 elementor-widget elementor-widget-heading\" data-id=\"0ab2833\" data-element_type=\"widget\" data-widget_type=\"heading.default\">\n\t\t\t\t<div class=\"elementor-widget-container\">\n\t\t\t<h3 class=\"elementor-heading-title elementor-size-default\">Nossa hist\u00f3ria<\/h3>\t\t<\/div>\n\t\t\t\t<\/div>\n\t\t\t\t<div class=\"elementor-element elementor-element-cad4ad4 elementor-widget elementor-widget-text-editor\" data-id=\"cad4ad4\" data-element_type=\"widget\" data-widget_type=\"text-editor.default\">\n\t\t\t\t<div class=\"elementor-widget-container\">\n\t\t\t\t\t\t\t<p style=\"text-align: left;\">Somos profissionais formados quando do surgimento dos primeiros sistemas industriais no Brasil. Com 30 anos\u00a0de experi\u00eancia no mercado de software e automa\u00e7\u00e3o industrial, j\u00e1 desenvolvemos centenas de projetos nos mais variados tipos de ind\u00fastria.<\/p><p style=\"text-align: left;\">Em 2012, fundamos a Mezasoft para ofertar o mercado as solu\u00e7\u00f5es de <span style=\"font-size: 16px;\">\u00a0Ind\u00fastria 4.0, iniciativa com a qual temos profundo envolvimento. <\/span><\/p><p style=\"text-align: left;\"><span style=\"font-size: 16px;\">Possu\u00edmos compet\u00eancia e larga experi\u00eancia em tecnologias de digitaliza\u00e7\u00e3o da ind\u00fastria.<\/span><\/p><p style=\"text-align: left;\">Somos embaixadores\u00a0 da digitaliza\u00e7\u00e3o industrial e desenvolvemos para nossos clientes o olhar da tecnologia aprimorando e transformando seus processos de neg\u00f3cio.<\/p>\t\t\t\t\t\t<\/div>\n\t\t\t\t<\/div>\n\t\t\t\t\t<\/div>\n\t\t<\/div>\n\t\t\t\t\t\t\t<\/div>\n\t\t<\/section>\n\t\t\t\t\t\t\t<\/div>\n\t\t","protected":false},"excerpt":{"rendered":"<p>SOBRE A MEZASOFT Aceleramos os processos de ado\u00e7\u00e3o de Ind\u00fastria 4.0 e IoT\/IIoT Nossa miss\u00e3o Entregar a transforma\u00e7\u00e3o digital e acelerar a efici\u00eancia de processos produtivos industriais. Fazer diferente para fazer melhor A transforma\u00e7\u00e3o da ind\u00fastria se dar\u00e1 atrav\u00e9s do uso intensivo da tecnologia, do desenvolvimento humano e do pensamento disruptivo. Focamos na entrega destes &hellip;<\/p>\n<p class=\"read-more\"> <a class=\"\" href=\"https:\/\/mezasoft.com\/?page_id=798\"> <span class=\"screen-reader-text\">A empresa<\/span> Leia mais &raquo;<\/a><\/p>\n","protected":false},"author":1,"featured_media":0,"parent":0,"menu_order":0,"comment_status":"closed","ping_status":"closed","template":"","meta":{"site-sidebar-layout":"no-sidebar","site-content-layout":"page-builder","ast-global-header-display":"","ast-main-header-display":"","ast-hfb-above-header-display":"","ast-hfb-below-header-display":"","ast-hfb-mobile-header-display":"","site-post-title":"disabled","ast-breadcrumbs-content":"disabled","ast-featured-img":"disabled","footer-sml-layout":"","theme-transparent-header-meta":"default","adv-header-id-meta":"","stick-header-meta":"","header-above-stick-meta":"","header-main-stick-meta":"","header-below-stick-meta":"","footnotes":""},"class_list":["post-798","page","type-page","status-publish","hentry"],"yoast_head":"<!-- This site is optimized with the Yoast SEO plugin v19.0 - https:\/\/yoast.com\/wordpress\/plugins\/seo\/ -->\n<title>A empresa - Mezasoft<\/title>\n<meta name=\"description\" content=\"30 anos de experi\u00eancia em software para ind\u00fastria. Foco nos processos de digitaliza\u00e7\u00e3o, Ind\u00fastria 4.0 e internet das coisas (IoT\/IIoT).\" \/>\n<meta name=\"robots\" content=\"index, follow, max-snippet:-1, max-image-preview:large, max-video-preview:-1\" \/>\n<link rel=\"canonical\" href=\"http:\/\/mezasoft.com\/?page_id=798\" \/>\n<meta property=\"og:locale\" content=\"pt_BR\" \/>\n<meta property=\"og:type\" content=\"article\" \/>\n<meta property=\"og:title\" content=\"A empresa - Mezasoft\" \/>\n<meta property=\"og:description\" content=\"30 anos de experi\u00eancia em software para ind\u00fastria. Foco nos processos de digitaliza\u00e7\u00e3o, Ind\u00fastria 4.0 e internet das coisas (IoT\/IIoT).\" \/>\n<meta property=\"og:url\" content=\"http:\/\/mezasoft.com\/?page_id=798\" \/>\n<meta property=\"og:site_name\" content=\"Mezasoft\" \/>\n<meta property=\"article:publisher\" content=\"https:\/\/pt-br.facebook.com\/MezasoftSoftware\/\" \/>\n<meta property=\"article:modified_time\" content=\"2022-06-13T18:54:30+00:00\" \/>\n<meta property=\"og:image\" content=\"http:\/\/mezasoft.com\/wp-content\/uploads\/2022\/06\/since2012.png\" \/>\n<meta name=\"twitter:card\" content=\"summary_large_image\" \/>\n<meta name=\"twitter:site\" content=\"@mezasoft\" \/>\n<meta name=\"twitter:label1\" content=\"Est. tempo de leitura\" \/>\n\t<meta name=\"twitter:data1\" content=\"3 minutos\" \/>\n<script type=\"application\/ld+json\" class=\"yoast-schema-graph\">{\"@context\":\"https:\/\/schema.org\",\"@graph\":[{\"@type\":\"Organization\",\"@id\":\"http:\/\/mezasoft.com\/#organization\",\"name\":\"Mezasoft\",\"url\":\"http:\/\/mezasoft.com\/\",\"sameAs\":[\"https:\/\/www.linkedin.com\/company\/mezasoft\",\"https:\/\/pt-br.facebook.com\/MezasoftSoftware\/\",\"https:\/\/twitter.com\/mezasoft\"],\"logo\":{\"@type\":\"ImageObject\",\"inLanguage\":\"pt-BR\",\"@id\":\"http:\/\/mezasoft.com\/#\/schema\/logo\/image\/\",\"url\":\"http:\/\/mezasoft.com\/wp-content\/uploads\/2022\/06\/cropped-mezasoft_logo_azul-claro.png\",\"contentUrl\":\"http:\/\/mezasoft.com\/wp-content\/uploads\/2022\/06\/cropped-mezasoft_logo_azul-claro.png\",\"width\":1200,\"height\":282,\"caption\":\"Mezasoft\"},\"image\":{\"@id\":\"http:\/\/mezasoft.com\/#\/schema\/logo\/image\/\"}},{\"@type\":\"WebSite\",\"@id\":\"http:\/\/mezasoft.com\/#website\",\"url\":\"http:\/\/mezasoft.com\/\",\"name\":\"Mezasoft\",\"description\":\"Ind\u00fastria 4.0 e IoT\",\"publisher\":{\"@id\":\"http:\/\/mezasoft.com\/#organization\"},\"potentialAction\":[{\"@type\":\"SearchAction\",\"target\":{\"@type\":\"EntryPoint\",\"urlTemplate\":\"http:\/\/mezasoft.com\/?s={search_term_string}\"},\"query-input\":\"required name=search_term_string\"}],\"inLanguage\":\"pt-BR\"},{\"@type\":\"ImageObject\",\"inLanguage\":\"pt-BR\",\"@id\":\"http:\/\/mezasoft.com\/?page_id=798#primaryimage\",\"url\":\"https:\/\/mezasoft.com\/wp-content\/uploads\/2022\/06\/since2012.png\",\"contentUrl\":\"https:\/\/mezasoft.com\/wp-content\/uploads\/2022\/06\/since2012.png\",\"width\":568,\"height\":413},{\"@type\":\"WebPage\",\"@id\":\"http:\/\/mezasoft.com\/?page_id=798#webpage\",\"url\":\"http:\/\/mezasoft.com\/?page_id=798\",\"name\":\"A empresa - Mezasoft\",\"isPartOf\":{\"@id\":\"http:\/\/mezasoft.com\/#website\"},\"primaryImageOfPage\":{\"@id\":\"http:\/\/mezasoft.com\/?page_id=798#primaryimage\"},\"datePublished\":\"2021-07-20T13:32:58+00:00\",\"dateModified\":\"2022-06-13T18:54:30+00:00\",\"description\":\"30 anos de experi\u00eancia em software para ind\u00fastria. Foco nos processos de digitaliza\u00e7\u00e3o, Ind\u00fastria 4.0 e internet das coisas (IoT\/IIoT).\",\"breadcrumb\":{\"@id\":\"http:\/\/mezasoft.com\/?page_id=798#breadcrumb\"},\"inLanguage\":\"pt-BR\",\"potentialAction\":[{\"@type\":\"ReadAction\",\"target\":[\"http:\/\/mezasoft.com\/?page_id=798\"]}]},{\"@type\":\"BreadcrumbList\",\"@id\":\"http:\/\/mezasoft.com\/?page_id=798#breadcrumb\",\"itemListElement\":[{\"@type\":\"ListItem\",\"position\":1,\"name\":\"In\u00edcio\",\"item\":\"http:\/\/mezasoft.com\/\"},{\"@type\":\"ListItem\",\"position\":2,\"name\":\"A empresa\"}]}]}<\/script>\n<!-- \/ Yoast SEO plugin. -->","yoast_head_json":{"title":"A empresa - Mezasoft","description":"30 anos de experi\u00eancia em software para ind\u00fastria. Foco nos processos de digitaliza\u00e7\u00e3o, Ind\u00fastria 4.0 e internet das coisas (IoT\/IIoT).","robots":{"index":"index","follow":"follow","max-snippet":"max-snippet:-1","max-image-preview":"max-image-preview:large","max-video-preview":"max-video-preview:-1"},"canonical":"http:\/\/mezasoft.com\/?page_id=798","og_locale":"pt_BR","og_type":"article","og_title":"A empresa - Mezasoft","og_description":"30 anos de experi\u00eancia em software para ind\u00fastria. Foco nos processos de digitaliza\u00e7\u00e3o, Ind\u00fastria 4.0 e internet das coisas (IoT\/IIoT).","og_url":"http:\/\/mezasoft.com\/?page_id=798","og_site_name":"Mezasoft","article_publisher":"https:\/\/pt-br.facebook.com\/MezasoftSoftware\/","article_modified_time":"2022-06-13T18:54:30+00:00","og_image":[{"url":"http:\/\/mezasoft.com\/wp-content\/uploads\/2022\/06\/since2012.png"}],"twitter_card":"summary_large_image","twitter_site":"@mezasoft","twitter_misc":{"Est. tempo de leitura":"3 minutos"},"schema":{"@context":"https:\/\/schema.org","@graph":[{"@type":"Organization","@id":"http:\/\/mezasoft.com\/#organization","name":"Mezasoft","url":"http:\/\/mezasoft.com\/","sameAs":["https:\/\/www.linkedin.com\/company\/mezasoft","https:\/\/pt-br.facebook.com\/MezasoftSoftware\/","https:\/\/twitter.com\/mezasoft"],"logo":{"@type":"ImageObject","inLanguage":"pt-BR","@id":"http:\/\/mezasoft.com\/#\/schema\/logo\/image\/","url":"http:\/\/mezasoft.com\/wp-content\/uploads\/2022\/06\/cropped-mezasoft_logo_azul-claro.png","contentUrl":"http:\/\/mezasoft.com\/wp-content\/uploads\/2022\/06\/cropped-mezasoft_logo_azul-claro.png","width":1200,"height":282,"caption":"Mezasoft"},"image":{"@id":"http:\/\/mezasoft.com\/#\/schema\/logo\/image\/"}},{"@type":"WebSite","@id":"http:\/\/mezasoft.com\/#website","url":"http:\/\/mezasoft.com\/","name":"Mezasoft","description":"Ind\u00fastria 4.0 e IoT","publisher":{"@id":"http:\/\/mezasoft.com\/#organization"},"potentialAction":[{"@type":"SearchAction","target":{"@type":"EntryPoint","urlTemplate":"http:\/\/mezasoft.com\/?s={search_term_string}"},"query-input":"required name=search_term_string"}],"inLanguage":"pt-BR"},{"@type":"ImageObject","inLanguage":"pt-BR","@id":"http:\/\/mezasoft.com\/?page_id=798#primaryimage","url":"https:\/\/mezasoft.com\/wp-content\/uploads\/2022\/06\/since2012.png","contentUrl":"https:\/\/mezasoft.com\/wp-content\/uploads\/2022\/06\/since2012.png","width":568,"height":413},{"@type":"WebPage","@id":"http:\/\/mezasoft.com\/?page_id=798#webpage","url":"http:\/\/mezasoft.com\/?page_id=798","name":"A empresa - Mezasoft","isPartOf":{"@id":"http:\/\/mezasoft.com\/#website"},"primaryImageOfPage":{"@id":"http:\/\/mezasoft.com\/?page_id=798#primaryimage"},"datePublished":"2021-07-20T13:32:58+00:00","dateModified":"2022-06-13T18:54:30+00:00","description":"30 anos de experi\u00eancia em software para ind\u00fastria. Foco nos processos de digitaliza\u00e7\u00e3o, Ind\u00fastria 4.0 e internet das coisas (IoT\/IIoT).","breadcrumb":{"@id":"http:\/\/mezasoft.com\/?page_id=798#breadcrumb"},"inLanguage":"pt-BR","potentialAction":[{"@type":"ReadAction","target":["http:\/\/mezasoft.com\/?page_id=798"]}]},{"@type":"BreadcrumbList","@id":"http:\/\/mezasoft.com\/?page_id=798#breadcrumb","itemListElement":[{"@type":"ListItem","position":1,"name":"In\u00edcio","item":"http:\/\/mezasoft.com\/"},{"@type":"ListItem","position":2,"name":"A empresa"}]}]}},"_links":{"self":[{"href":"https:\/\/mezasoft.com\/index.php?rest_route=\/wp\/v2\/pages\/798","targetHints":{"allow":["GET"]}}],"collection":[{"href":"https:\/\/mezasoft.com\/index.php?rest_route=\/wp\/v2\/pages"}],"about":[{"href":"https:\/\/mezasoft.com\/index.php?rest_route=\/wp\/v2\/types\/page"}],"author":[{"embeddable":true,"href":"https:\/\/mezasoft.com\/index.php?rest_route=\/wp\/v2\/users\/1"}],"replies":[{"embeddable":true,"href":"https:\/\/mezasoft.com\/index.php?rest_route=%2Fwp%2Fv2%2Fcomments&post=798"}],"version-history":[{"count":14,"href":"https:\/\/mezasoft.com\/index.php?rest_route=\/wp\/v2\/pages\/798\/revisions"}],"predecessor-version":[{"id":1490,"href":"https:\/\/mezasoft.com\/index.php?rest_route=\/wp\/v2\/pages\/798\/revisions\/1490"}],"wp:attachment":[{"href":"https:\/\/mezasoft.com\/index.php?rest_route=%2Fwp%2Fv2%2Fmedia&parent=798"}],"curies":[{"name":"wp","href":"https:\/\/api.w.org\/{rel}","templated":true}]}}